{"id":847,"date":"2024-03-30T16:35:00","date_gmt":"2024-03-30T15:35:00","guid":{"rendered":"https:\/\/gruschwitz.de\/?page_id=847"},"modified":"2025-11-26T11:32:18","modified_gmt":"2025-11-26T10:32:18","slug":"boconcept","status":"publish","type":"page","link":"https:\/\/gruschwitz.de\/en\/projekte\/boconcept\/","title":{"rendered":"BoConcept"},"content":{"rendered":"<div data-elementor-type=\"wp-page\" data-elementor-id=\"847\" class=\"elementor elementor-847\" data-elementor-post-type=\"page\">\n\t\t\t\t<div class=\"elementor-element elementor-element-59dec7dd e-con-full e-flex e-con e-parent\" data-id=\"59dec7dd\" data-element_type=\"container\" data-e-type=\"container\" data-settings=\"{&quot;background_background&quot;:&quot;video&quot;,&quot;background_video_link&quot;:&quot;https:\\\/\\\/gruschwitz.de\\\/wp-content\\\/uploads\\\/2024\\\/08\\\/Boconcept-Showreel.mp4&quot;}\">\n\t\t<div class=\"elementor-background-video-container elementor-hidden-mobile\">\n\t\t\t\t\t\t\t<video class=\"elementor-background-video-hosted\" role=\"presentation\" autoplay muted playsinline loop><\/video>\n\t\t\t\t\t<\/div>\t\t<\/div>\n\t\t<div class=\"elementor-element elementor-element-311e005c e-transform e-flex e-con-boxed e-con e-parent\" data-id=\"311e005c\" data-element_type=\"container\" data-e-type=\"container\" data-settings=\"{&quot;_transform_translateY_effect&quot;:{&quot;unit&quot;:&quot;px&quot;,&quot;size&quot;:-123,&quot;sizes&quot;:[]},&quot;_transform_translateX_effect&quot;:{&quot;unit&quot;:&quot;px&quot;,&quot;size&quot;:&quot;&quot;,&quot;sizes&quot;:[]},&quot;_transform_translateX_effect_tablet&quot;:{&quot;unit&quot;:&quot;px&quot;,&quot;size&quot;:&quot;&quot;,&quot;sizes&quot;:[]},&quot;_transform_translateX_effect_mobile&quot;:{&quot;unit&quot;:&quot;px&quot;,&quot;size&quot;:&quot;&quot;,&quot;sizes&quot;:[]},&quot;_transform_translateY_effect_tablet&quot;:{&quot;unit&quot;:&quot;px&quot;,&quot;size&quot;:&quot;&quot;,&quot;sizes&quot;:[]},&quot;_transform_translateY_effect_mobile&quot;:{&quot;unit&quot;:&quot;px&quot;,&quot;size&quot;:&quot;&quot;,&quot;sizes&quot;:[]}}\">\n\t\t\t\t\t<div class=\"e-con-inner\">\n\t\t<div class=\"elementor-element elementor-element-7a8d25df e-con-full e-flex e-con e-child\" data-id=\"7a8d25df\" data-element_type=\"container\" data-e-type=\"container\" data-settings=\"{&quot;background_background&quot;:&quot;classic&quot;}\">\n\t\t\t\t<div class=\"elementor-element elementor-element-40be1bd elementor-widget elementor-widget-heading\" data-id=\"40be1bd\" data-element_type=\"widget\" data-e-type=\"widget\" data-widget_type=\"heading.default\">\n\t\t\t\t<div class=\"elementor-widget-container\">\n\t\t\t\t\t<h1 class=\"elementor-heading-title elementor-size-default\">BoConcept opens second Munich location in Zweibr\u00fcckenstra\u00dfe<\/h1>\t\t\t\t<\/div>\n\t\t\t\t<\/div>\n\t\t\t\t<div class=\"elementor-element elementor-element-f5544bf elementor-widget elementor-widget-heading\" data-id=\"f5544bf\" data-element_type=\"widget\" data-e-type=\"widget\" data-widget_type=\"heading.default\">\n\t\t\t\t<div class=\"elementor-widget-container\">\n\t\t\t\t\t<h2 class=\"elementor-heading-title elementor-size-default\">BoConcept, the Danish premium lifestyle brand for individual interior design, opened another shop in Zweibr\u00fcckenstra\u00dfe in Munich in March 2024. This means that the Bavarian capital now has two locations of the well-known brand.\n\n<\/h2>\t\t\t\t<\/div>\n\t\t\t\t<\/div>\n\t\t\t\t<\/div>\n\t\t<div class=\"elementor-element elementor-element-30bd80c e-con-full elementor-hidden-mobile e-flex e-con e-child\" data-id=\"30bd80c\" data-element_type=\"container\" data-e-type=\"container\">\n\t\t\t\t<\/div>\n\t\t\t\t\t<\/div>\n\t\t\t\t<\/div>\n\t\t<div class=\"elementor-element elementor-element-31620681 e-flex e-con-boxed e-con e-parent\" data-id=\"31620681\" data-element_type=\"container\" data-e-type=\"container\">\n\t\t\t\t\t<div class=\"e-con-inner\">\n\t\t<div class=\"elementor-element elementor-element-4e3ef1f e-con-full e-flex e-con e-child\" data-id=\"4e3ef1f\" data-element_type=\"container\" data-e-type=\"container\">\n\t\t<div class=\"elementor-element elementor-element-587d7344 e-con-full e-flex e-con e-child\" data-id=\"587d7344\" data-element_type=\"container\" data-e-type=\"container\">\n\t\t\t\t<div class=\"elementor-element elementor-element-7dd358d9 elementor-widget elementor-widget-text-editor\" data-id=\"7dd358d9\" data-element_type=\"widget\" data-e-type=\"widget\" data-widget_type=\"text-editor.default\">\n\t\t\t\t<div class=\"elementor-widget-container\">\n\t\t\t\t\t\t\t\t\t<p>BoConcept presents modern Danish design furniture for the living room, bedroom, study and dining room as well as outdoor areas on a sales area of around 250 m\u00b2.<\/p>\t\t\t\t\t\t\t\t<\/div>\n\t\t\t\t<\/div>\n\t\t\t\t<\/div>\n\t\t<div class=\"elementor-element elementor-element-48d2194 e-con-full e-flex e-con e-child\" data-id=\"48d2194\" data-element_type=\"container\" data-e-type=\"container\">\n\t\t\t\t<div class=\"elementor-element elementor-element-2669bfa0 elementor-widget elementor-widget-image\" data-id=\"2669bfa0\" data-element_type=\"widget\" data-e-type=\"widget\" data-widget_type=\"image.default\">\n\t\t\t\t<div class=\"elementor-widget-container\">\n\t\t\t\t\t\t\t\t\t\t\t\t\t\t\t<img decoding=\"async\" src=\"https:\/\/gruschwitz.de\/wp-content\/uploads\/2024\/07\/boconcept-2.webp\" title=\"boconcept-2\" alt=\"boconcept-2\" loading=\"lazy\" \/>\t\t\t\t\t\t\t\t\t\t\t\t\t\t\t<\/div>\n\t\t\t\t<\/div>\n\t\t\t\t<\/div>\n\t\t\t\t<\/div>\n\t\t<div class=\"elementor-element elementor-element-8f52d5a e-con-full e-flex e-con e-child\" data-id=\"8f52d5a\" data-element_type=\"container\" data-e-type=\"container\">\n\t\t\t\t<div class=\"elementor-element elementor-element-80b8f65 elementor-widget elementor-widget-spacer\" data-id=\"80b8f65\" data-element_type=\"widget\" data-e-type=\"widget\" data-widget_type=\"spacer.default\">\n\t\t\t\t<div class=\"elementor-widget-container\">\n\t\t\t\t\t\t\t<div class=\"elementor-spacer\">\n\t\t\t<div class=\"elementor-spacer-inner\"><\/div>\n\t\t<\/div>\n\t\t\t\t\t\t<\/div>\n\t\t\t\t<\/div>\n\t\t\t\t<\/div>\n\t\t<div class=\"elementor-element elementor-element-9951353 e-con-full e-flex e-con e-child\" data-id=\"9951353\" data-element_type=\"container\" data-e-type=\"container\">\n\t\t<div class=\"elementor-element elementor-element-48bbf78 e-con-full e-flex e-con e-child\" data-id=\"48bbf78\" data-element_type=\"container\" data-e-type=\"container\">\n\t\t\t\t<div class=\"elementor-element elementor-element-4ff33453 elementor-widget elementor-widget-image\" data-id=\"4ff33453\" data-element_type=\"widget\" data-e-type=\"widget\" data-widget_type=\"image.default\">\n\t\t\t\t<div class=\"elementor-widget-container\">\n\t\t\t\t\t\t\t\t\t\t\t\t\t\t\t<img decoding=\"async\" src=\"https:\/\/gruschwitz.de\/wp-content\/uploads\/2024\/07\/boconcept-1.webp\" title=\"boconcept-1\" alt=\"boconcept-1\" loading=\"lazy\" \/>\t\t\t\t\t\t\t\t\t\t\t\t\t\t\t<\/div>\n\t\t\t\t<\/div>\n\t\t\t\t<\/div>\n\t\t<div class=\"elementor-element elementor-element-c40a651 e-con-full e-flex e-con e-child\" data-id=\"c40a651\" data-element_type=\"container\" data-e-type=\"container\">\n\t\t\t\t<div class=\"elementor-element elementor-element-d0eb899 elementor-widget elementor-widget-text-editor\" data-id=\"d0eb899\" data-element_type=\"widget\" data-e-type=\"widget\" data-widget_type=\"text-editor.default\">\n\t\t\t\t<div class=\"elementor-widget-container\">\n\t\t\t\t\t\t\t\t\t<p>The BoConcept store concept is characterised by simple elegance. Understated grey on the walls, ceilings and floors - the floor covering is made of a two-component epoxy resin with a coloured sealant - provides the perfect stage to showcase the high-quality collections. The interior designers from Gruschwitz GmbH in Munich were responsible for the realisation and project management.<\/p>\t\t\t\t\t\t\t\t<\/div>\n\t\t\t\t<\/div>\n\t\t\t\t<\/div>\n\t\t\t\t<\/div>\n\t\t<div class=\"elementor-element elementor-element-2e5e7e4 e-con-full e-flex e-con e-child\" data-id=\"2e5e7e4\" data-element_type=\"container\" data-e-type=\"container\">\n\t\t\t\t<div class=\"elementor-element elementor-element-d96674a elementor-widget elementor-widget-spacer\" data-id=\"d96674a\" data-element_type=\"widget\" data-e-type=\"widget\" data-widget_type=\"spacer.default\">\n\t\t\t\t<div class=\"elementor-widget-container\">\n\t\t\t\t\t\t\t<div class=\"elementor-spacer\">\n\t\t\t<div class=\"elementor-spacer-inner\"><\/div>\n\t\t<\/div>\n\t\t\t\t\t\t<\/div>\n\t\t\t\t<\/div>\n\t\t\t\t<\/div>\n\t\t<div class=\"elementor-element elementor-element-472337b e-con-full e-flex e-con e-child\" data-id=\"472337b\" data-element_type=\"container\" data-e-type=\"container\">\n\t\t\t\t<div class=\"elementor-element elementor-element-50b148a elementor-widget elementor-widget-text-editor\" data-id=\"50b148a\" data-element_type=\"widget\" data-e-type=\"widget\" data-widget_type=\"text-editor.default\">\n\t\t\t\t<div class=\"elementor-widget-container\">\n\t\t\t\t\t\t\t\t\t<p>A particular highlight of the store is the comprehensive furnishing advice. In the so-called \"Heart\", the centrepiece of the salesroom, the size, colour, material and components of most furniture (with the exception of accessories) can be customised. To cater to customers' personal lifestyles, BoConcept offers more than 120 leather and fabric options. These are available as large fabric samples (1.4 m\u00b2), which are stored in functional and unobtrusive built-in furniture. The samples invite you to experience and try them out, while they look perfect in front of the furniture.<\/p><p>For all lovers of designer furniture with an individual touch, a visit to the new BoConcept store in Munich's Zweibr\u00fcckenstra\u00dfe is an absolute must!<\/p>\t\t\t\t\t\t\t\t<\/div>\n\t\t\t\t<\/div>\n\t\t\t\t<\/div>\n\t\t<div class=\"elementor-element elementor-element-384b568 e-con-full e-flex e-con e-child\" data-id=\"384b568\" data-element_type=\"container\" data-e-type=\"container\">\n\t\t\t\t<div class=\"elementor-element elementor-element-76177b4 elementor-widget elementor-widget-spacer\" data-id=\"76177b4\" data-element_type=\"widget\" data-e-type=\"widget\" data-widget_type=\"spacer.default\">\n\t\t\t\t<div class=\"elementor-widget-container\">\n\t\t\t\t\t\t\t<div class=\"elementor-spacer\">\n\t\t\t<div class=\"elementor-spacer-inner\"><\/div>\n\t\t<\/div>\n\t\t\t\t\t\t<\/div>\n\t\t\t\t<\/div>\n\t\t\t\t<\/div>\n\t\t\t\t\t<\/div>\n\t\t\t\t<\/div>\n\t\t<div class=\"elementor-element elementor-element-70f9df8b e-flex e-con-boxed e-con e-parent\" data-id=\"70f9df8b\" data-element_type=\"container\" data-e-type=\"container\">\n\t\t\t\t\t<div class=\"e-con-inner\">\n\t\t<div class=\"elementor-element elementor-element-de801c7 e-con-full e-flex e-con e-child\" data-id=\"de801c7\" data-element_type=\"container\" data-e-type=\"container\">\n\t\t<div class=\"elementor-element elementor-element-6152c179 e-con-full e-flex e-con e-child\" data-id=\"6152c179\" data-element_type=\"container\" data-e-type=\"container\">\n\t\t\t\t<div class=\"elementor-element elementor-element-59a899cc elementor-widget elementor-widget-image\" data-id=\"59a899cc\" data-element_type=\"widget\" data-e-type=\"widget\" data-widget_type=\"image.default\">\n\t\t\t\t<div class=\"elementor-widget-container\">\n\t\t\t\t\t\t\t\t\t\t\t\t\t\t\t<img decoding=\"async\" src=\"https:\/\/gruschwitz.de\/wp-content\/uploads\/2024\/07\/boconcept-3.webp\" title=\"boconcept-3\" alt=\"boconcept-3\" loading=\"lazy\" \/>\t\t\t\t\t\t\t\t\t\t\t\t\t\t\t<\/div>\n\t\t\t\t<\/div>\n\t\t\t\t<\/div>\n\t\t<div class=\"elementor-element elementor-element-724559c9 e-con-full e-flex e-con e-child\" data-id=\"724559c9\" data-element_type=\"container\" data-e-type=\"container\">\n\t\t\t\t<div class=\"elementor-element elementor-element-7c15bb5 elementor-widget elementor-widget-image\" data-id=\"7c15bb5\" data-element_type=\"widget\" data-e-type=\"widget\" data-widget_type=\"image.default\">\n\t\t\t\t<div class=\"elementor-widget-container\">\n\t\t\t\t\t\t\t\t\t\t\t\t\t\t\t<img decoding=\"async\" src=\"https:\/\/gruschwitz.de\/wp-content\/uploads\/2024\/07\/boconcept-4.webp\" title=\"boconcept-4\" alt=\"boconcept-4\" loading=\"lazy\" \/>\t\t\t\t\t\t\t\t\t\t\t\t\t\t\t<\/div>\n\t\t\t\t<\/div>\n\t\t\t\t<\/div>\n\t\t\t\t<\/div>\n\t\t\t\t\t<\/div>\n\t\t\t\t<\/div>\n\t\t<div class=\"elementor-element elementor-element-1bf1b7c8 e-flex e-con-boxed e-con e-parent\" data-id=\"1bf1b7c8\" data-element_type=\"container\" data-e-type=\"container\">\n\t\t\t\t\t<div class=\"e-con-inner\">\n\t\t<div class=\"elementor-element elementor-element-a92dc71 e-con-full e-flex e-con e-child\" data-id=\"a92dc71\" data-element_type=\"container\" data-e-type=\"container\">\n\t\t\t\t<div class=\"elementor-element elementor-element-a4123fb elementor-widget elementor-widget-spacer\" data-id=\"a4123fb\" data-element_type=\"widget\" data-e-type=\"widget\" data-widget_type=\"spacer.default\">\n\t\t\t\t<div class=\"elementor-widget-container\">\n\t\t\t\t\t\t\t<div class=\"elementor-spacer\">\n\t\t\t<div class=\"elementor-spacer-inner\"><\/div>\n\t\t<\/div>\n\t\t\t\t\t\t<\/div>\n\t\t\t\t<\/div>\n\t\t\t\t<\/div>\n\t\t<div class=\"elementor-element elementor-element-6af44f5a e-con-full e-flex e-con e-child\" data-id=\"6af44f5a\" data-element_type=\"container\" data-e-type=\"container\">\n\t\t\t\t<div class=\"elementor-element elementor-element-68871244 elementor-widget elementor-widget-heading\" data-id=\"68871244\" data-element_type=\"widget\" data-e-type=\"widget\" data-widget_type=\"heading.default\">\n\t\t\t\t<div class=\"elementor-widget-container\">\n\t\t\t\t\t<h3 class=\"elementor-heading-title elementor-size-default\">More about BoConcept Munich<\/h3>\t\t\t\t<\/div>\n\t\t\t\t<\/div>\n\t\t\t\t<\/div>\n\t\t<div class=\"elementor-element elementor-element-29817daa e-con-full elementor-hidden-mobile e-flex e-con e-child\" data-id=\"29817daa\" data-element_type=\"container\" data-e-type=\"container\">\n\t\t\t\t<\/div>\n\t\t<div class=\"elementor-element elementor-element-67a29966 e-con-full e-flex e-con e-child\" data-id=\"67a29966\" data-element_type=\"container\" data-e-type=\"container\">\n\t\t\t\t<div class=\"elementor-element elementor-element-20dddf26 elementor-widget elementor-widget-text-editor\" data-id=\"20dddf26\" data-element_type=\"widget\" data-e-type=\"widget\" data-widget_type=\"text-editor.default\">\n\t\t\t\t<div class=\"elementor-widget-container\">\n\t\t\t\t\t\t\t\t\t<p><strong>Customer<\/strong><br \/>BoConcept <br \/><a href=\"https:\/\/www.boconcept.com\/\" target=\"_blank\" rel=\"noopener\">www.boconcept.com<\/a><\/p><p><strong>Location<\/strong> <br \/>Zweibr\u00fcckenstra\u00dfe 2, 80331 Munich<\/p><p><strong>Offer<\/strong> <br \/>Premium lifestyle brand in the retail segment;<br \/>Design, production and sale of modern Danish design furniture for the living room, bedroom, study, dining room and outdoor areas;<br \/>Comprehensive furnishing advice<\/p><p><strong>Target group<\/strong> <br \/>Customers with a desire for individuality in interior design<\/p><p><strong>qm\u00b2(sales area) <\/strong><br \/>approx. 250 m\u00b2<\/p><p><strong>Levels <\/strong><br \/>1 (sales room on the ground floor)<\/p><p><strong>Construction time<\/strong> <br \/>January - end of February 2024<\/p><p><strong>Opening<\/strong> <br \/>01.03.2024<\/p>\t\t\t\t\t\t\t\t<\/div>\n\t\t\t\t<\/div>\n\t\t\t\t<\/div>\n\t\t<div class=\"elementor-element elementor-element-356af15 e-con-full e-flex e-con e-child\" data-id=\"356af15\" data-element_type=\"container\" data-e-type=\"container\">\n\t\t\t\t<div class=\"elementor-element elementor-element-3d09ceb2 elementor-widget elementor-widget-text-editor\" data-id=\"3d09ceb2\" data-element_type=\"widget\" data-e-type=\"widget\" data-widget_type=\"text-editor.default\">\n\t\t\t\t<div class=\"elementor-widget-container\">\n\t\t\t\t\t\t\t\t\t<p><strong>Client<\/strong> <br \/>Design &amp; Konzept GmbH; Alexander Schramm;<br \/>Lucile-Grahn-Stra\u00dfe 39; 81675 Munich<\/p><p><strong>Concept, interior design, planning<\/strong><br \/>BoConcept A\/S (Danish public limited company); M\u00f8rupvej 16, 7400 Herning, Denmark <a href=\"https:\/\/www.boconcept.com\" target=\"_blank\" rel=\"noopener\">www.boconcept.com<\/a><\/p><p><b><\/b><b>Project management, realisation<br \/><\/b>Gruschwitz GmbH; Tizianstr. 53, 80638 Munich<br \/><a href=\"https:\/\/gruschwitz.de\/en\/\" target=\"_blank\" rel=\"noopener\">www.gruschwitz.de<\/a><\/p><p><strong>Photos, videos (C):<\/strong><br \/>Copyright \u00a9 Bastian Kaddick, <br \/><a href=\"http:\/\/www.onmind.media\" target=\"_blank\" rel=\"noopener\">www.onmind.media<\/a><\/p><p>\u00a0<\/p>\t\t\t\t\t\t\t\t<\/div>\n\t\t\t\t<\/div>\n\t\t\t\t<\/div>\n\t\t<div class=\"elementor-element elementor-element-53a3b37 e-con-full e-flex e-con e-child\" data-id=\"53a3b37\" data-element_type=\"container\" data-e-type=\"container\">\n\t\t\t\t<div class=\"elementor-element elementor-element-5f4ad29 elementor-align-center elementor-widget elementor-widget-button\" data-id=\"5f4ad29\" data-element_type=\"widget\" data-e-type=\"widget\" data-widget_type=\"button.default\">\n\t\t\t\t<div class=\"elementor-widget-container\">\n\t\t\t\t\t\t\t\t\t<div class=\"elementor-button-wrapper\">\n\t\t\t\t\t<a class=\"elementor-button elementor-button-link elementor-size-sm\" href=\"https:\/\/gruschwitz.de\/en\/projekte\/\">\n\t\t\t\t\t\t<span class=\"elementor-button-content-wrapper\">\n\t\t\t\t\t\t\t\t\t<span class=\"elementor-button-text\">Explore more projects<\/span>\n\t\t\t\t\t<\/span>\n\t\t\t\t\t<\/a>\n\t\t\t\t<\/div>\n\t\t\t\t\t\t\t\t<\/div>\n\t\t\t\t<\/div>\n\t\t\t\t<div class=\"elementor-element elementor-element-e9b1f3c elementor-widget elementor-widget-spacer\" data-id=\"e9b1f3c\" data-element_type=\"widget\" data-e-type=\"widget\" data-widget_type=\"spacer.default\">\n\t\t\t\t<div class=\"elementor-widget-container\">\n\t\t\t\t\t\t\t<div class=\"elementor-spacer\">\n\t\t\t<div class=\"elementor-spacer-inner\"><\/div>\n\t\t<\/div>\n\t\t\t\t\t\t<\/div>\n\t\t\t\t<\/div>\n\t\t\t\t<\/div>\n\t\t\t\t\t<\/div>\n\t\t\t\t<\/div>\n\t\t\t\t<\/div>","protected":false},"excerpt":{"rendered":"<p>BoConcept er\u00f6ffnet zweiten M\u00fcnchener Standort in der Zweibr\u00fcckenstra\u00dfe BoConcept, die d\u00e4nische Premium-Lifestylemarke f\u00fcr individuelles Interior Design, hat im M\u00e4rz 2024 in der Zweibr\u00fcckenstra\u00dfe in M\u00fcnchen eine weitere Filiale er\u00f6ffnet. Damit verf\u00fcgt die bayrische Landeshauptstadt \u00fcber zwei Standorte der bekannten Marke. Auf einer Verkaufsfl\u00e4che von rund 250 m\u00b2 pr\u00e4sentiert BoConcept moderne d\u00e4nische Designm\u00f6bel f\u00fcr Wohn-, Schlaf-, [&hellip;]<\/p>\n","protected":false},"author":2,"featured_media":795,"parent":84,"menu_order":0,"comment_status":"closed","ping_status":"closed","template":"elementor_header_footer","meta":{"ocean_post_layout":"","ocean_both_sidebars_style":"","ocean_both_sidebars_content_width":0,"ocean_both_sidebars_sidebars_width":0,"ocean_sidebar":"","ocean_second_sidebar":"","ocean_disable_margins":"enable","ocean_add_body_class":"","ocean_shortcode_before_top_bar":"","ocean_shortcode_after_top_bar":"","ocean_shortcode_before_header":"","ocean_shortcode_after_header":"","ocean_has_shortcode":"","ocean_shortcode_after_title":"","ocean_shortcode_before_footer_widgets":"","ocean_shortcode_after_footer_widgets":"","ocean_shortcode_before_footer_bottom":"","ocean_shortcode_after_footer_bottom":"","ocean_display_top_bar":"default","ocean_display_header":"default","ocean_header_style":"","ocean_center_header_left_menu":"","ocean_custom_header_template":"","ocean_custom_logo":0,"ocean_custom_retina_logo":0,"ocean_custom_logo_max_width":0,"ocean_custom_logo_tablet_max_width":0,"ocean_custom_logo_mobile_max_width":0,"ocean_custom_logo_max_height":0,"ocean_custom_logo_tablet_max_height":0,"ocean_custom_logo_mobile_max_height":0,"ocean_header_custom_menu":"","ocean_menu_typo_font_family":"","ocean_menu_typo_font_subset":"","ocean_menu_typo_font_size":0,"ocean_menu_typo_font_size_tablet":0,"ocean_menu_typo_font_size_mobile":0,"ocean_menu_typo_font_size_unit":"px","ocean_menu_typo_font_weight":"","ocean_menu_typo_font_weight_tablet":"","ocean_menu_typo_font_weight_mobile":"","ocean_menu_typo_transform":"","ocean_menu_typo_transform_tablet":"","ocean_menu_typo_transform_mobile":"","ocean_menu_typo_line_height":0,"ocean_menu_typo_line_height_tablet":0,"ocean_menu_typo_line_height_mobile":0,"ocean_menu_typo_line_height_unit":"","ocean_menu_typo_spacing":0,"ocean_menu_typo_spacing_tablet":0,"ocean_menu_typo_spacing_mobile":0,"ocean_menu_typo_spacing_unit":"","ocean_menu_link_color":"","ocean_menu_link_color_hover":"","ocean_menu_link_color_active":"","ocean_menu_link_background":"","ocean_menu_link_hover_background":"","ocean_menu_link_active_background":"","ocean_menu_social_links_bg":"","ocean_menu_social_hover_links_bg":"","ocean_menu_social_links_color":"","ocean_menu_social_hover_links_color":"","ocean_disable_title":"default","ocean_disable_heading":"default","ocean_post_title":"","ocean_post_subheading":"","ocean_post_title_style":"","ocean_post_title_background_color":"","ocean_post_title_background":0,"ocean_post_title_bg_image_position":"","ocean_post_title_bg_image_attachment":"","ocean_post_title_bg_image_repeat":"","ocean_post_title_bg_image_size":"","ocean_post_title_height":0,"ocean_post_title_bg_overlay":0.5,"ocean_post_title_bg_overlay_color":"","ocean_disable_breadcrumbs":"default","ocean_breadcrumbs_color":"","ocean_breadcrumbs_separator_color":"","ocean_breadcrumbs_links_color":"","ocean_breadcrumbs_links_hover_color":"","ocean_display_footer_widgets":"default","ocean_display_footer_bottom":"default","ocean_custom_footer_template":"","footnotes":""},"categories":[16,13],"tags":[],"class_list":["post-847","page","type-page","status-publish","has-post-thumbnail","hentry","category-alle-projekte","category-retail","entry","has-media"],"_links":{"self":[{"href":"https:\/\/gruschwitz.de\/en\/wp-json\/wp\/v2\/pages\/847","targetHints":{"allow":["GET"]}}],"collection":[{"href":"https:\/\/gruschwitz.de\/en\/wp-json\/wp\/v2\/pages"}],"about":[{"href":"https:\/\/gruschwitz.de\/en\/wp-json\/wp\/v2\/types\/page"}],"author":[{"embeddable":true,"href":"https:\/\/gruschwitz.de\/en\/wp-json\/wp\/v2\/users\/2"}],"replies":[{"embeddable":true,"href":"https:\/\/gruschwitz.de\/en\/wp-json\/wp\/v2\/comments?post=847"}],"version-history":[{"count":0,"href":"https:\/\/gruschwitz.de\/en\/wp-json\/wp\/v2\/pages\/847\/revisions"}],"up":[{"embeddable":true,"href":"https:\/\/gruschwitz.de\/en\/wp-json\/wp\/v2\/pages\/84"}],"wp:featuredmedia":[{"embeddable":true,"href":"https:\/\/gruschwitz.de\/en\/wp-json\/wp\/v2\/media\/795"}],"wp:attachment":[{"href":"https:\/\/gruschwitz.de\/en\/wp-json\/wp\/v2\/media?parent=847"}],"wp:term":[{"taxonomy":"category","embeddable":true,"href":"https:\/\/gruschwitz.de\/en\/wp-json\/wp\/v2\/categories?post=847"},{"taxonomy":"post_tag","embeddable":true,"href":"https:\/\/gruschwitz.de\/en\/wp-json\/wp\/v2\/tags?post=847"}],"curies":[{"name":"wp","href":"https:\/\/api.w.org\/{rel}","templated":true}]}}