{"id":532,"date":"2023-10-23T15:19:00","date_gmt":"2023-10-23T13:19:00","guid":{"rendered":"https:\/\/gruschwitz.de\/?page_id=532"},"modified":"2025-11-26T11:28:32","modified_gmt":"2025-11-26T10:28:32","slug":"trisor","status":"publish","type":"page","link":"https:\/\/gruschwitz.de\/en\/projekte\/trisor\/","title":{"rendered":"Trisor safe deposit boxes"},"content":{"rendered":"\t\t<div data-elementor-type=\"wp-page\" data-elementor-id=\"532\" class=\"elementor elementor-532\" data-elementor-post-type=\"page\">\n\t\t\t\t<div class=\"elementor-element elementor-element-430912b e-con-full e-flex e-con e-parent\" data-id=\"430912b\" data-element_type=\"container\" data-e-type=\"container\" data-settings=\"{&quot;background_background&quot;:&quot;slideshow&quot;,&quot;background_slideshow_gallery&quot;:[{&quot;id&quot;:154,&quot;url&quot;:&quot;https:\\\/\\\/gruschwitz.de\\\/wp-content\\\/uploads\\\/2024\\\/07\\\/Gruschwitz-Webrelaunch-Herobanner.webp&quot;}],&quot;background_slideshow_loop&quot;:&quot;yes&quot;,&quot;background_slideshow_slide_duration&quot;:5000,&quot;background_slideshow_slide_transition&quot;:&quot;fade&quot;,&quot;background_slideshow_transition_duration&quot;:500}\">\n\t\t\t\t<\/div>\n\t\t<div class=\"elementor-element elementor-element-02f8e6a e-transform e-flex e-con-boxed e-con e-parent\" data-id=\"02f8e6a\" data-element_type=\"container\" data-e-type=\"container\" data-settings=\"{&quot;_transform_translateY_effect&quot;:{&quot;unit&quot;:&quot;px&quot;,&quot;size&quot;:-123,&quot;sizes&quot;:[]},&quot;_transform_translateX_effect&quot;:{&quot;unit&quot;:&quot;px&quot;,&quot;size&quot;:&quot;&quot;,&quot;sizes&quot;:[]},&quot;_transform_translateX_effect_tablet&quot;:{&quot;unit&quot;:&quot;px&quot;,&quot;size&quot;:&quot;&quot;,&quot;sizes&quot;:[]},&quot;_transform_translateX_effect_mobile&quot;:{&quot;unit&quot;:&quot;px&quot;,&quot;size&quot;:&quot;&quot;,&quot;sizes&quot;:[]},&quot;_transform_translateY_effect_tablet&quot;:{&quot;unit&quot;:&quot;px&quot;,&quot;size&quot;:&quot;&quot;,&quot;sizes&quot;:[]},&quot;_transform_translateY_effect_mobile&quot;:{&quot;unit&quot;:&quot;px&quot;,&quot;size&quot;:&quot;&quot;,&quot;sizes&quot;:[]}}\">\n\t\t\t\t\t<div class=\"e-con-inner\">\n\t\t<div class=\"elementor-element elementor-element-d0c39a0 e-con-full e-flex e-con e-child\" data-id=\"d0c39a0\" data-element_type=\"container\" data-e-type=\"container\" data-settings=\"{&quot;background_background&quot;:&quot;classic&quot;}\">\n\t\t\t\t<div class=\"elementor-element elementor-element-0516b7a elementor-widget elementor-widget-heading\" data-id=\"0516b7a\" data-element_type=\"widget\" data-e-type=\"widget\" data-widget_type=\"heading.default\">\n\t\t\t\t<div class=\"elementor-widget-container\">\n\t\t\t\t\t<h1 class=\"elementor-heading-title elementor-size-default\">Neue Trisor Filiale f\u00fcr Wertschlie\u00dff\u00e4cher<\/h1>\t\t\t\t<\/div>\n\t\t\t\t<\/div>\n\t\t\t\t<div class=\"elementor-element elementor-element-88a304b elementor-widget elementor-widget-text-editor\" data-id=\"88a304b\" data-element_type=\"widget\" data-e-type=\"widget\" data-widget_type=\"text-editor.default\">\n\t\t\t\t<div class=\"elementor-widget-container\">\n\t\t\t\t\t\t\t\t\t<p>Trisor, renommierter und bankenunabh\u00e4ngiger Anbieter von Wertschlie\u00dff\u00e4chern, bietet seinen Service in D\u00fcsseldorf an.\u00a0<\/p>\t\t\t\t\t\t\t\t<\/div>\n\t\t\t\t<\/div>\n\t\t\t\t<div class=\"elementor-element elementor-element-8114da9 elementor-widget elementor-widget-text-editor\" data-id=\"8114da9\" data-element_type=\"widget\" data-e-type=\"widget\" data-widget_type=\"text-editor.default\">\n\t\t\t\t<div class=\"elementor-widget-container\">\n\t\t\t\t\t\t\t\t\t<p>Zentral gelegen in der Heinrich-Heine-Allee, stehen auf rund 220 m\u00b2 ca. 5.500 Schlie\u00dff\u00e4cher sowie drei Einzelkabinen mit jeweils ca. 7 m\u00b2 den Kunden zur Verf\u00fcgung.<\/p>\t\t\t\t\t\t\t\t<\/div>\n\t\t\t\t<\/div>\n\t\t\t\t<\/div>\n\t\t<div class=\"elementor-element elementor-element-ab71aee e-con-full elementor-hidden-mobile e-flex e-con e-child\" data-id=\"ab71aee\" data-element_type=\"container\" data-e-type=\"container\">\n\t\t\t\t<\/div>\n\t\t\t\t\t<\/div>\n\t\t\t\t<\/div>\n\t\t<div class=\"elementor-element elementor-element-c465ec0 e-flex e-con-boxed e-con e-parent\" data-id=\"c465ec0\" data-element_type=\"container\" data-e-type=\"container\">\n\t\t\t\t\t<div class=\"e-con-inner\">\n\t\t<div class=\"elementor-element elementor-element-3e75b19 e-con-full e-flex e-con e-child\" data-id=\"3e75b19\" data-element_type=\"container\" data-e-type=\"container\">\n\t\t\t\t<div class=\"elementor-element elementor-element-e48542d elementor-widget elementor-widget-image\" data-id=\"e48542d\" data-element_type=\"widget\" data-e-type=\"widget\" data-widget_type=\"image.default\">\n\t\t\t\t<div class=\"elementor-widget-container\">\n\t\t\t\t\t\t\t\t\t\t\t\t\t\t\t<img decoding=\"async\" src=\"https:\/\/gruschwitz.de\/wp-content\/uploads\/2024\/07\/Gru-Webrelaunch-Standardbilder-700-x-500-Trisor-5.jpg\" title=\"Gru Webrelaunch Standardbilder 700 x 500 Trisor (5)\" alt=\"Trisor Wertschlie\u00dff\u00e4cher Innenarchitektur Gruschwitz\" loading=\"lazy\" \/>\t\t\t\t\t\t\t\t\t\t\t\t\t\t\t<\/div>\n\t\t\t\t<\/div>\n\t\t\t\t<\/div>\n\t\t<div class=\"elementor-element elementor-element-88c782e e-con-full e-flex e-con e-child\" data-id=\"88c782e\" data-element_type=\"container\" data-e-type=\"container\">\n\t\t\t\t<div class=\"elementor-element elementor-element-9c654d6 elementor-widget elementor-widget-image\" data-id=\"9c654d6\" data-element_type=\"widget\" data-e-type=\"widget\" data-widget_type=\"image.default\">\n\t\t\t\t<div class=\"elementor-widget-container\">\n\t\t\t\t\t\t\t\t\t\t\t\t\t\t\t<img decoding=\"async\" src=\"https:\/\/gruschwitz.de\/wp-content\/uploads\/2024\/07\/Gru-Webrelaunch-Standardbilder-700-x-500-Trisor-3.jpg\" title=\"Gru Webrelaunch Standardbilder 700 x 500 Trisor (3)\" alt=\"Trisor Wertschlie\u00dff\u00e4cher Innenarchitektur Gruschwitz\" loading=\"lazy\" \/>\t\t\t\t\t\t\t\t\t\t\t\t\t\t\t<\/div>\n\t\t\t\t<\/div>\n\t\t\t\t<\/div>\n\t\t\t\t\t<\/div>\n\t\t\t\t<\/div>\n\t\t<div class=\"elementor-element elementor-element-9fdb719 e-flex e-con-boxed e-con e-parent\" data-id=\"9fdb719\" data-element_type=\"container\" data-e-type=\"container\">\n\t\t\t\t\t<div class=\"e-con-inner\">\n\t\t<div class=\"elementor-element elementor-element-0c339e0 e-con-full e-flex e-con e-child\" data-id=\"0c339e0\" data-element_type=\"container\" data-e-type=\"container\">\n\t\t\t\t<div class=\"elementor-element elementor-element-f721f41 elementor-widget elementor-widget-text-editor\" data-id=\"f721f41\" data-element_type=\"widget\" data-e-type=\"widget\" data-widget_type=\"text-editor.default\">\n\t\t\t\t<div class=\"elementor-widget-container\">\n\t\t\t\t\t\t\t\t\t<p>Die Tresorr\u00e4ume sind ECB-S zertifiziert und werden rund um die Uhr von einem Wachschutz gesichert. Ein automatisiertes Schlie\u00dffachsystem gew\u00e4hrt einen flexiblen 24\/7 Zugriff. Zudem besteht die M\u00f6glichkeit zum internen An- und Verkauf von Anlagegold.<\/p><p>Der Entwurf f\u00fcr das Design der D\u00fcsseldorfer Zweigstelle stammt von Hadi Teherani.<\/p><p>Als Generalunternehmer \u00fcbernahm die Gruschwitz GmbH aus M\u00fcnchen die Planung, Realisierung und Projektsteuerung vor Ort.<\/p><p>Der Wunsch nach Geborgenheit findet seinen Ausdruck in einer massiven Formensprache, die sehr hochwertig umgesetzt wird. Der Tresorbereich wird von einer Goldverkleidung umschlossen, die als zentraler Blickfang bereits von au\u00dfen sichtbar ist.<\/p><p>Der Entwurf f\u00fcr das Design der D\u00fcsseldorfer Zweigstelle stammt von Hadi Teherani.<\/p><p>Als Generalunternehmer \u00fcbernahm die Gruschwitz GmbH aus M\u00fcnchen die Planung, Realisierung und Projektsteuerung vor Ort.<\/p>\t\t\t\t\t\t\t\t<\/div>\n\t\t\t\t<\/div>\n\t\t\t\t<\/div>\n\t\t<div class=\"elementor-element elementor-element-2e1f4b7 e-con-full e-flex e-con e-child\" data-id=\"2e1f4b7\" data-element_type=\"container\" data-e-type=\"container\">\n\t\t\t\t<\/div>\n\t\t<div class=\"elementor-element elementor-element-e2d5bb8 e-con-full e-flex e-con e-child\" data-id=\"e2d5bb8\" data-element_type=\"container\" data-e-type=\"container\">\n\t\t\t\t<div class=\"elementor-element elementor-element-85e1e12 elementor-widget elementor-widget-text-editor\" data-id=\"85e1e12\" data-element_type=\"widget\" data-e-type=\"widget\" data-widget_type=\"text-editor.default\">\n\t\t\t\t<div class=\"elementor-widget-container\">\n\t\t\t\t\t\t\t\t\t<p>Der Wunsch nach Geborgenheit findet seinen Ausdruck in einer massiven Formensprache, die sehr hochwertig umgesetzt wird. Der Tresorbereich wird von einer Goldverkleidung umschlossen, die als zentraler Blickfang bereits von au\u00dfen sichtbar ist.<\/p><p>Zwei gro\u00dfe monolithische Tresen unterstreichen das Gef\u00fchl von Wertsch\u00e4tzung und Sicherheit. Als Materialien kommen Gold, Feinstein und geb\u00fcrstetes Aluminium zum Einsatz, die Kundenkabinen sind in dunkel gebeizter Esche gehalten. Einbauspots mit gerichtetem Licht von iGuzzini sorgen f\u00fcr eine stimmungsvolle Beleuchtung.<\/p><p>Deutschlandweit erm\u00f6glichen es damit nun insgesamt sechs Trisor Filialen, jederzeit auf seine Wertsachen bei maximaler Sicherheit zuzugreifen. Neben Zweigstellen in weiteren deutschen Gro\u00dfst\u00e4dten, sind f\u00fcr die Zukunft auch Standorte in Griechenland, Zypern und auf Malta geplant.<\/p>\t\t\t\t\t\t\t\t<\/div>\n\t\t\t\t<\/div>\n\t\t\t\t<\/div>\n\t\t\t\t\t<\/div>\n\t\t\t\t<\/div>\n\t\t<div class=\"elementor-element elementor-element-a6be2b3 e-flex e-con-boxed e-con e-parent\" data-id=\"a6be2b3\" data-element_type=\"container\" data-e-type=\"container\">\n\t\t\t\t\t<div class=\"e-con-inner\">\n\t\t<div class=\"elementor-element elementor-element-889040d e-con-full e-flex e-con e-child\" data-id=\"889040d\" data-element_type=\"container\" data-e-type=\"container\">\n\t\t\t\t<div class=\"elementor-element elementor-element-4277091 elementor-widget elementor-widget-image\" data-id=\"4277091\" data-element_type=\"widget\" data-e-type=\"widget\" data-widget_type=\"image.default\">\n\t\t\t\t<div class=\"elementor-widget-container\">\n\t\t\t\t\t\t\t\t\t\t\t\t\t\t\t<img decoding=\"async\" src=\"https:\/\/gruschwitz.de\/wp-content\/uploads\/2024\/07\/Gru-Webrelaunch-Standardbilder-700-x-500-Trisor-6.jpg\" title=\"Gru Webrelaunch Standardbilder 700 x 500 Trisor (6)\" alt=\"Trisor Wertschlie\u00dff\u00e4cher Innenarchitektur Gruschwitz\" loading=\"lazy\" \/>\t\t\t\t\t\t\t\t\t\t\t\t\t\t\t<\/div>\n\t\t\t\t<\/div>\n\t\t\t\t<\/div>\n\t\t<div class=\"elementor-element elementor-element-de485be e-con-full e-flex e-con e-child\" data-id=\"de485be\" data-element_type=\"container\" data-e-type=\"container\">\n\t\t\t\t<div class=\"elementor-element elementor-element-866b421 elementor-widget elementor-widget-image\" data-id=\"866b421\" data-element_type=\"widget\" data-e-type=\"widget\" data-widget_type=\"image.default\">\n\t\t\t\t<div class=\"elementor-widget-container\">\n\t\t\t\t\t\t\t\t\t\t\t\t\t\t\t<img decoding=\"async\" src=\"https:\/\/gruschwitz.de\/wp-content\/uploads\/2024\/07\/Gru-Webrelaunch-Standardbilder-700-x-500-Trisor-1.png\" title=\"Gruschwitz Trisor Innenaufnahme\" alt=\"Trisor Wertschlie\u00dff\u00e4cher Innenarchitektur Gruschwitz\" loading=\"lazy\" \/>\t\t\t\t\t\t\t\t\t\t\t\t\t\t\t<\/div>\n\t\t\t\t<\/div>\n\t\t\t\t<\/div>\n\t\t<div class=\"elementor-element elementor-element-c479ab2 e-con-full e-flex e-con e-child\" data-id=\"c479ab2\" data-element_type=\"container\" data-e-type=\"container\">\n\t\t\t\t<div class=\"elementor-element elementor-element-807bcf5 elementor-widget elementor-widget-image\" data-id=\"807bcf5\" data-element_type=\"widget\" data-e-type=\"widget\" data-widget_type=\"image.default\">\n\t\t\t\t<div class=\"elementor-widget-container\">\n\t\t\t\t\t\t\t\t\t\t\t\t\t\t\t<img decoding=\"async\" src=\"https:\/\/gruschwitz.de\/wp-content\/uploads\/2024\/07\/Gru-Webrelaunch-Standardbilder-700-x-500-Trisor-1.jpg\" title=\"Gruschwitz Trisor Detailaufnahme\" alt=\"Trisor Materialien Innenarchitektur Gruschwitz\" loading=\"lazy\" \/>\t\t\t\t\t\t\t\t\t\t\t\t\t\t\t<\/div>\n\t\t\t\t<\/div>\n\t\t\t\t<\/div>\n\t\t<div class=\"elementor-element elementor-element-efb5cfe e-con-full e-flex e-con e-child\" data-id=\"efb5cfe\" data-element_type=\"container\" data-e-type=\"container\">\n\t\t\t\t<div class=\"elementor-element elementor-element-d27ab7a elementor-widget elementor-widget-image\" data-id=\"d27ab7a\" data-element_type=\"widget\" data-e-type=\"widget\" data-widget_type=\"image.default\">\n\t\t\t\t<div class=\"elementor-widget-container\">\n\t\t\t\t\t\t\t\t\t\t\t\t\t\t\t<img decoding=\"async\" src=\"https:\/\/gruschwitz.de\/wp-content\/uploads\/2024\/07\/Gru-Webrelaunch-Standardbilder-700-x-500-Trisor.jpg\" title=\"Gru Webrelaunch Standardbilder 700 x 500 Trisor\" alt=\"Trisor Detailaufnahme Wand Innenarchitektur Gruschwitz\" loading=\"lazy\" \/>\t\t\t\t\t\t\t\t\t\t\t\t\t\t\t<\/div>\n\t\t\t\t<\/div>\n\t\t\t\t<\/div>\n\t\t<div class=\"elementor-element elementor-element-2650698 e-con-full e-flex e-con e-child\" data-id=\"2650698\" data-element_type=\"container\" data-e-type=\"container\">\n\t\t\t\t<div class=\"elementor-element elementor-element-ff65a57 elementor-widget elementor-widget-spacer\" data-id=\"ff65a57\" data-element_type=\"widget\" data-e-type=\"widget\" data-widget_type=\"spacer.default\">\n\t\t\t\t<div class=\"elementor-widget-container\">\n\t\t\t\t\t\t\t<div class=\"elementor-spacer\">\n\t\t\t<div class=\"elementor-spacer-inner\"><\/div>\n\t\t<\/div>\n\t\t\t\t\t\t<\/div>\n\t\t\t\t<\/div>\n\t\t\t\t<\/div>\n\t\t\t\t\t<\/div>\n\t\t\t\t<\/div>\n\t\t<div class=\"elementor-element elementor-element-6088a5b e-flex e-con-boxed e-con e-parent\" data-id=\"6088a5b\" data-element_type=\"container\" data-e-type=\"container\">\n\t\t\t\t\t<div class=\"e-con-inner\">\n\t\t<div class=\"elementor-element elementor-element-fbf85ba e-con-full e-flex e-con e-child\" data-id=\"fbf85ba\" data-element_type=\"container\" data-e-type=\"container\">\n\t\t\t\t<div class=\"elementor-element elementor-element-4d54d72 elementor-widget elementor-widget-heading\" data-id=\"4d54d72\" data-element_type=\"widget\" data-e-type=\"widget\" data-widget_type=\"heading.default\">\n\t\t\t\t<div class=\"elementor-widget-container\">\n\t\t\t\t\t<h2 class=\"elementor-heading-title elementor-size-default\">Mehr zu Trisor Wertschlie\u00dff\u00e4cher D\u00fcsseldorf<\/h2>\t\t\t\t<\/div>\n\t\t\t\t<\/div>\n\t\t\t\t<\/div>\n\t\t<div class=\"elementor-element elementor-element-a7d7ce7 e-con-full elementor-hidden-mobile e-flex e-con e-child\" data-id=\"a7d7ce7\" data-element_type=\"container\" data-e-type=\"container\">\n\t\t\t\t<\/div>\n\t\t<div class=\"elementor-element elementor-element-5036e61 e-con-full e-flex e-con e-child\" data-id=\"5036e61\" data-element_type=\"container\" data-e-type=\"container\">\n\t\t\t\t<div class=\"elementor-element elementor-element-ca46e63 elementor-widget elementor-widget-text-editor\" data-id=\"ca46e63\" data-element_type=\"widget\" data-e-type=\"widget\" data-widget_type=\"text-editor.default\">\n\t\t\t\t<div class=\"elementor-widget-container\">\n\t\t\t\t\t\t\t\t\t<p><strong>Kunde<\/strong><br \/>Trisor<br \/>Heinrich-Heine-Allee 20, 40213 D\u00fcsseldorf<br \/><a href=\"http:\/\/www.trisor.de\" target=\"_blank\" rel=\"noopener\">www.trisor.de<\/a><\/p><p><strong>Angebot<\/strong><br \/>Vermietung von Schlie\u00dff\u00e4chern mit 24\/7 Zugriff, interner Gold An- &amp; Verkauf<\/p><p><b>Zielgruppe<br \/><\/b>Personen, die ihre Wertgegenst\u00e4nde sicher mit flexiblem Zugriff verwahren wollen<\/p><p><b>Auftraggeber<br \/><\/b>F\u00fcnfte Trisor Standort GmbH &amp; Co.KG, c\/o Trisor GmbH,<br \/><span style=\"font-size: 16px; text-align: var(--text-align);\">Bachstra\u00dfe 12, 10555 Berlin<br \/><\/span><a href=\"http:\/\/www.trisor.de\" target=\"_blank\" rel=\"noopener\"><span style=\"font-size: 16px; text-align: var(--text-align);\">www.trisor.de<\/span><\/a><\/p><p><b>Anzahl Etagen<br \/><\/b>1<\/p><p><b>Fl\u00e4che (gesamt)<br \/><\/b>ca. 380m\u00b2<\/p><p><b>Verkaufsfl\u00e4che<br \/><\/b>ca. 220m\u00b2, ca. 5.500 Schlie\u00dff\u00e4cher in 18,5m langem und 2,5m breitem Tresor, <span style=\"font-size: 16px; text-align: var(--text-align);\">drei Kundenkabinen je ca. 7m\u00b2<\/span><\/p><p><b>Bauzeit<br \/><\/b><span style=\"font-size: 16px; text-align: var(--text-align);\">M\u00e4rz \u2013 Oktober 2023<\/span><\/p><p><b>Er\u00f6ffnung<\/b><br \/>14.10.2023 (Er\u00f6ffnungsfeier am 12.10.2023)<\/p>\t\t\t\t\t\t\t\t<\/div>\n\t\t\t\t<\/div>\n\t\t\t\t<\/div>\n\t\t<div class=\"elementor-element elementor-element-e1378e2 e-con-full e-flex e-con e-child\" data-id=\"e1378e2\" data-element_type=\"container\" data-e-type=\"container\">\n\t\t\t\t<div class=\"elementor-element elementor-element-59135f2 elementor-widget elementor-widget-text-editor\" data-id=\"59135f2\" data-element_type=\"widget\" data-e-type=\"widget\" data-widget_type=\"text-editor.default\">\n\t\t\t\t<div class=\"elementor-widget-container\">\n\t\t\t\t\t\t\t\t\t<p><b>Entwurf, Design, Innenarchitektur\u00a0<br \/><\/b>Hadi Teherani<br \/><a href=\"https:\/\/www.haditeherani.com\/de\" target=\"_blank\" rel=\"noopener\">www.haditeherani.com<\/a><\/p><p><b>Planung, Realisierung (ab LP 5 bis schl\u00fcsselfertige \u00dcbernahme), GU<br \/><\/b>Gruschwitz GmbH, Tizianstr. 53, 80638 M\u00fcnchen<br \/><a href=\"http:\/\/www.gruschwitz.de\" target=\"_blank\" rel=\"noopener\">www.gruschwitz.de<\/a><\/p><p><b>Projektsteuerung<br \/><\/b>Gruschwitz GmbH, Tizianstr. 53, 80638 M\u00fcnchen<br \/><a href=\"http:\/\/www.gruschwitz.de\" target=\"_blank\" rel=\"noopener\">www.gruschwitz.de<\/a><\/p><p><strong>Fotos<\/strong><br \/>Bastian Kaddick<br \/><a href=\"https:\/\/www.onmind.media\/\" target=\"_blank\" rel=\"noopener\">www.onmind.media<\/a><\/p>\t\t\t\t\t\t\t\t<\/div>\n\t\t\t\t<\/div>\n\t\t\t\t<\/div>\n\t\t\t\t\t<\/div>\n\t\t\t\t<\/div>\n\t\t\t\t<\/div>\n\t\t","protected":false},"excerpt":{"rendered":"<p>Neue Trisor Filiale f\u00fcr Wertschlie\u00dff\u00e4cher Trisor, renommierter und bankenunabh\u00e4ngiger Anbieter von Wertschlie\u00dff\u00e4chern, bietet seinen Service in D\u00fcsseldorf an.\u00a0 Zentral gelegen in der Heinrich-Heine-Allee, stehen auf rund 220 m\u00b2 ca. 5.500 Schlie\u00dff\u00e4cher sowie drei Einzelkabinen mit jeweils ca. 7 m\u00b2 den Kunden zur Verf\u00fcgung. Die Tresorr\u00e4ume sind ECB-S zertifiziert und werden rund um die Uhr von [&hellip;]<\/p>\n","protected":false},"author":2,"featured_media":178,"parent":84,"menu_order":0,"comment_status":"closed","ping_status":"closed","template":"elementor_header_footer","meta":{"ocean_post_layout":"","ocean_both_sidebars_style":"","ocean_both_sidebars_content_width":0,"ocean_both_sidebars_sidebars_width":0,"ocean_sidebar":"","ocean_second_sidebar":"","ocean_disable_margins":"enable","ocean_add_body_class":"","ocean_shortcode_before_top_bar":"","ocean_shortcode_after_top_bar":"","ocean_shortcode_before_header":"","ocean_shortcode_after_header":"","ocean_has_shortcode":"","ocean_shortcode_after_title":"","ocean_shortcode_before_footer_widgets":"","ocean_shortcode_after_footer_widgets":"","ocean_shortcode_before_footer_bottom":"","ocean_shortcode_after_footer_bottom":"","ocean_display_top_bar":"default","ocean_display_header":"default","ocean_header_style":"","ocean_center_header_left_menu":"","ocean_custom_header_template":"","ocean_custom_logo":0,"ocean_custom_retina_logo":0,"ocean_custom_logo_max_width":0,"ocean_custom_logo_tablet_max_width":0,"ocean_custom_logo_mobile_max_width":0,"ocean_custom_logo_max_height":0,"ocean_custom_logo_tablet_max_height":0,"ocean_custom_logo_mobile_max_height":0,"ocean_header_custom_menu":"","ocean_menu_typo_font_family":"","ocean_menu_typo_font_subset":"","ocean_menu_typo_font_size":0,"ocean_menu_typo_font_size_tablet":0,"ocean_menu_typo_font_size_mobile":0,"ocean_menu_typo_font_size_unit":"px","ocean_menu_typo_font_weight":"","ocean_menu_typo_font_weight_tablet":"","ocean_menu_typo_font_weight_mobile":"","ocean_menu_typo_transform":"","ocean_menu_typo_transform_tablet":"","ocean_menu_typo_transform_mobile":"","ocean_menu_typo_line_height":0,"ocean_menu_typo_line_height_tablet":0,"ocean_menu_typo_line_height_mobile":0,"ocean_menu_typo_line_height_unit":"","ocean_menu_typo_spacing":0,"ocean_menu_typo_spacing_tablet":0,"ocean_menu_typo_spacing_mobile":0,"ocean_menu_typo_spacing_unit":"","ocean_menu_link_color":"","ocean_menu_link_color_hover":"","ocean_menu_link_color_active":"","ocean_menu_link_background":"","ocean_menu_link_hover_background":"","ocean_menu_link_active_background":"","ocean_menu_social_links_bg":"","ocean_menu_social_hover_links_bg":"","ocean_menu_social_links_color":"","ocean_menu_social_hover_links_color":"","ocean_disable_title":"default","ocean_disable_heading":"default","ocean_post_title":"","ocean_post_subheading":"","ocean_post_title_style":"","ocean_post_title_background_color":"","ocean_post_title_background":0,"ocean_post_title_bg_image_position":"","ocean_post_title_bg_image_attachment":"","ocean_post_title_bg_image_repeat":"","ocean_post_title_bg_image_size":"","ocean_post_title_height":0,"ocean_post_title_bg_overlay":0.5,"ocean_post_title_bg_overlay_color":"","ocean_disable_breadcrumbs":"default","ocean_breadcrumbs_color":"","ocean_breadcrumbs_separator_color":"","ocean_breadcrumbs_links_color":"","ocean_breadcrumbs_links_hover_color":"","ocean_display_footer_widgets":"default","ocean_display_footer_bottom":"default","ocean_custom_footer_template":"","footnotes":""},"categories":[16,13],"tags":[],"class_list":["post-532","page","type-page","status-publish","has-post-thumbnail","hentry","category-alle-projekte","category-retail","entry","has-media"],"_links":{"self":[{"href":"https:\/\/gruschwitz.de\/en\/wp-json\/wp\/v2\/pages\/532","targetHints":{"allow":["GET"]}}],"collection":[{"href":"https:\/\/gruschwitz.de\/en\/wp-json\/wp\/v2\/pages"}],"about":[{"href":"https:\/\/gruschwitz.de\/en\/wp-json\/wp\/v2\/types\/page"}],"author":[{"embeddable":true,"href":"https:\/\/gruschwitz.de\/en\/wp-json\/wp\/v2\/users\/2"}],"replies":[{"embeddable":true,"href":"https:\/\/gruschwitz.de\/en\/wp-json\/wp\/v2\/comments?post=532"}],"version-history":[{"count":0,"href":"https:\/\/gruschwitz.de\/en\/wp-json\/wp\/v2\/pages\/532\/revisions"}],"up":[{"embeddable":true,"href":"https:\/\/gruschwitz.de\/en\/wp-json\/wp\/v2\/pages\/84"}],"wp:featuredmedia":[{"embeddable":true,"href":"https:\/\/gruschwitz.de\/en\/wp-json\/wp\/v2\/media\/178"}],"wp:attachment":[{"href":"https:\/\/gruschwitz.de\/en\/wp-json\/wp\/v2\/media?parent=532"}],"wp:term":[{"taxonomy":"category","embeddable":true,"href":"https:\/\/gruschwitz.de\/en\/wp-json\/wp\/v2\/categories?post=532"},{"taxonomy":"post_tag","embeddable":true,"href":"https:\/\/gruschwitz.de\/en\/wp-json\/wp\/v2\/tags?post=532"}],"curies":[{"name":"wp","href":"https:\/\/api.w.org\/{rel}","templated":true}]}}