{"id":4304,"date":"2025-05-19T11:29:41","date_gmt":"2025-05-19T09:29:41","guid":{"rendered":"https:\/\/gruschwitz.de\/?page_id=4304"},"modified":"2025-05-20T10:01:46","modified_gmt":"2025-05-20T08:01:46","slug":"zimmermann","status":"publish","type":"page","link":"https:\/\/gruschwitz.de\/en\/projekte\/zimmermann\/","title":{"rendered":"Zimmermann"},"content":{"rendered":"<div data-elementor-type=\"wp-page\" data-elementor-id=\"4304\" class=\"elementor elementor-4304\" data-elementor-post-type=\"page\">\n\t\t\t\t<div class=\"elementor-element elementor-element-e13c37d e-con-full e-flex e-con e-parent\" data-id=\"e13c37d\" data-element_type=\"container\" data-e-type=\"container\" data-settings=\"{&quot;background_background&quot;:&quot;classic&quot;}\">\n\t\t\t\t<\/div>\n\t\t<div class=\"elementor-element elementor-element-8d86ae5 e-transform e-flex e-con-boxed e-con e-parent\" data-id=\"8d86ae5\" data-element_type=\"container\" data-e-type=\"container\" data-settings=\"{&quot;_transform_translateY_effect&quot;:{&quot;unit&quot;:&quot;px&quot;,&quot;size&quot;:-123,&quot;sizes&quot;:[]},&quot;_transform_translateY_effect_mobile&quot;:{&quot;unit&quot;:&quot;px&quot;,&quot;size&quot;:-70,&quot;sizes&quot;:[]},&quot;_transform_translateX_effect&quot;:{&quot;unit&quot;:&quot;px&quot;,&quot;size&quot;:&quot;&quot;,&quot;sizes&quot;:[]},&quot;_transform_translateX_effect_tablet&quot;:{&quot;unit&quot;:&quot;px&quot;,&quot;size&quot;:&quot;&quot;,&quot;sizes&quot;:[]},&quot;_transform_translateX_effect_mobile&quot;:{&quot;unit&quot;:&quot;px&quot;,&quot;size&quot;:&quot;&quot;,&quot;sizes&quot;:[]},&quot;_transform_translateY_effect_tablet&quot;:{&quot;unit&quot;:&quot;px&quot;,&quot;size&quot;:&quot;&quot;,&quot;sizes&quot;:[]}}\">\n\t\t\t\t\t<div class=\"e-con-inner\">\n\t\t<div class=\"elementor-element elementor-element-4031cf1 e-con-full e-flex e-con e-child\" data-id=\"4031cf1\" data-element_type=\"container\" data-e-type=\"container\" data-settings=\"{&quot;background_background&quot;:&quot;classic&quot;}\">\n\t\t\t\t<div class=\"elementor-element elementor-element-984052a elementor-widget elementor-widget-heading\" data-id=\"984052a\" data-element_type=\"widget\" data-e-type=\"widget\" data-widget_type=\"heading.default\">\n\t\t\t\t<div class=\"elementor-widget-container\">\n\t\t\t\t\t<h1 class=\"elementor-heading-title elementor-size-default\">Zimmermann<\/h1>\t\t\t\t<\/div>\n\t\t\t\t<\/div>\n\t\t\t\t<div class=\"elementor-element elementor-element-ff65a84 elementor-widget elementor-widget-heading\" data-id=\"ff65a84\" data-element_type=\"widget\" data-e-type=\"widget\" data-widget_type=\"heading.default\">\n\t\t\t\t<div class=\"elementor-widget-container\">\n\t\t\t\t\t<h2 class=\"elementor-heading-title elementor-size-default\">Premium fashion from Australia enriches Munich's Maximilianstra\u00dfe <\/h2>\t\t\t\t<\/div>\n\t\t\t\t<\/div>\n\t\t\t\t<div class=\"elementor-element elementor-element-3f3722b elementor-widget elementor-widget-text-editor\" data-id=\"3f3722b\" data-element_type=\"widget\" data-e-type=\"widget\" data-widget_type=\"text-editor.default\">\n\t\t\t\t<div class=\"elementor-widget-container\">\n\t\t\t\t\t\t\t\t\t<p class=\"p1\">Zimmermann has been enriching Munich's Maximilianstrasse since November 2024. The high-end fashion house from Australia has its own store on the exclusive promenade in the heart of the Bavarian capital.<\/p>\t\t\t\t\t\t\t\t<\/div>\n\t\t\t\t<\/div>\n\t\t\t\t<\/div>\n\t\t<div class=\"elementor-element elementor-element-9b174ab e-con-full elementor-hidden-mobile e-flex e-con e-child\" data-id=\"9b174ab\" data-element_type=\"container\" data-e-type=\"container\">\n\t\t\t\t<\/div>\n\t\t\t\t\t<\/div>\n\t\t\t\t<\/div>\n\t\t<div class=\"elementor-element elementor-element-be92f1e e-flex e-con-boxed e-con e-parent\" data-id=\"be92f1e\" data-element_type=\"container\" data-e-type=\"container\">\n\t\t\t\t\t<div class=\"e-con-inner\">\n\t\t<div class=\"elementor-element elementor-element-301974f e-con-full e-flex e-con e-child\" data-id=\"301974f\" data-element_type=\"container\" data-e-type=\"container\">\n\t\t<div class=\"elementor-element elementor-element-767917f e-con-full e-flex e-con e-child\" data-id=\"767917f\" data-element_type=\"container\" data-e-type=\"container\">\n\t\t\t\t<div class=\"elementor-element elementor-element-466ba00 elementor-widget elementor-widget-text-editor\" data-id=\"466ba00\" data-element_type=\"widget\" data-e-type=\"widget\" data-widget_type=\"text-editor.default\">\n\t\t\t\t<div class=\"elementor-widget-container\">\n\t\t\t\t\t\t\t\t\t<p class=\"p1\">Zimmermann is a luxury brand renowned for its effortless elegance, distinctive prints, and feminine design aesthetic. The brand is recognised for its innovative approach to femininity and craftsmanship. Zimmermann has redefined modern luxury with designs that celebrate the style, grace, and confidence of the modern woman.<\/p><p class=\"p1\">The store was designed and detailed by Zimmermann\u2019s long-term collaborators, Studio McQualter. As local architect and general contractor, Gruschwitz GmbH from Munich was responsible for implementing and realising their design.<\/p>\t\t\t\t\t\t\t\t<\/div>\n\t\t\t\t<\/div>\n\t\t\t\t<\/div>\n\t\t<div class=\"elementor-element elementor-element-22bbd42 e-con-full e-flex e-con e-child\" data-id=\"22bbd42\" data-element_type=\"container\" data-e-type=\"container\">\n\t\t\t\t<div class=\"elementor-element elementor-element-4cda765 elementor-widget elementor-widget-image\" data-id=\"4cda765\" data-element_type=\"widget\" data-e-type=\"widget\" data-widget_type=\"image.default\">\n\t\t\t\t<div class=\"elementor-widget-container\">\n\t\t\t\t\t\t\t\t\t\t\t\t\t\t\t<img decoding=\"async\" src=\"https:\/\/gruschwitz.de\/wp-content\/uploads\/2025\/05\/Zimermann-Maximilianstrasse-2-800x600px.webp\" title=\"Zimermann-Maximilianstrasse-2-800x600px\" alt=\"Au\u00dfenaufnahme vom Zimmermann Store Maximilianstrasse M\u00fcnchen\" loading=\"lazy\" \/>\t\t\t\t\t\t\t\t\t\t\t\t\t\t\t<\/div>\n\t\t\t\t<\/div>\n\t\t\t\t<\/div>\n\t\t\t\t<\/div>\n\t\t<div class=\"elementor-element elementor-element-f57306c e-con-full e-flex e-con e-child\" data-id=\"f57306c\" data-element_type=\"container\" data-e-type=\"container\">\n\t\t<div class=\"elementor-element elementor-element-34df94a e-con-full e-flex e-con e-child\" data-id=\"34df94a\" data-element_type=\"container\" data-e-type=\"container\">\n\t\t\t\t<div class=\"elementor-element elementor-element-8b53ba9 elementor-widget elementor-widget-image\" data-id=\"8b53ba9\" data-element_type=\"widget\" data-e-type=\"widget\" data-widget_type=\"image.default\">\n\t\t\t\t<div class=\"elementor-widget-container\">\n\t\t\t\t\t\t\t\t\t\t\t\t\t\t\t<img decoding=\"async\" src=\"https:\/\/gruschwitz.de\/wp-content\/uploads\/2025\/05\/Zimermann-Maximilianstrasse-800x600px.webp\" title=\"Zimermann-Maximilianstrasse-800x600px\" alt=\"Au\u00dfenaufnahme vom Zimmermann Store Maximilianstrasse M\u00fcnchen\" loading=\"lazy\" \/>\t\t\t\t\t\t\t\t\t\t\t\t\t\t\t<\/div>\n\t\t\t\t<\/div>\n\t\t\t\t<\/div>\n\t\t<div class=\"elementor-element elementor-element-edc038a e-con-full e-flex e-con e-child\" data-id=\"edc038a\" data-element_type=\"container\" data-e-type=\"container\">\n\t\t\t\t<div class=\"elementor-element elementor-element-d37a920 elementor-widget elementor-widget-heading\" data-id=\"d37a920\" data-element_type=\"widget\" data-e-type=\"widget\" data-widget_type=\"heading.default\">\n\t\t\t\t<div class=\"elementor-widget-container\">\n\t\t\t\t\t<h3 class=\"elementor-heading-title elementor-size-default\">Historic fa\u00e7ade in a new light<\/h3>\t\t\t\t<\/div>\n\t\t\t\t<\/div>\n\t\t\t\t<div class=\"elementor-element elementor-element-9b66a7f elementor-widget elementor-widget-text-editor\" data-id=\"9b66a7f\" data-element_type=\"widget\" data-e-type=\"widget\" data-widget_type=\"text-editor.default\">\n\t\t\t\t<div class=\"elementor-widget-container\">\n\t\t\t\t\t\t\t\t\t<p>The fa\u00e7ade of the historic building by B\u00fcrklein was restored to its original appearance as part of the renovation work proposed by Studio McQualter to respect the building\u2019s heritage and to allow more natural light into the store. The original window openings were restored in accordance with old plans from the city archives and in agreement with the monument protection authority, thereby simultaneously fulfilling Zimmermann's wish for light-flooded, welcoming interiors. The reinstatement of four-part windows emphasizes the antique charm of the building and also underlines the interior design of the store.<\/p>\t\t\t\t\t\t\t\t<\/div>\n\t\t\t\t<\/div>\n\t\t\t\t<\/div>\n\t\t\t\t<\/div>\n\t\t<div class=\"elementor-element elementor-element-4f0fee0 e-con-full e-flex e-con e-child\" data-id=\"4f0fee0\" data-element_type=\"container\" data-e-type=\"container\">\n\t\t<div class=\"elementor-element elementor-element-aa791d2 e-con-full e-flex e-con e-child\" data-id=\"aa791d2\" data-element_type=\"container\" data-e-type=\"container\">\n\t\t\t\t<div class=\"elementor-element elementor-element-95d7116 elementor-widget elementor-widget-heading\" data-id=\"95d7116\" data-element_type=\"widget\" data-e-type=\"widget\" data-widget_type=\"heading.default\">\n\t\t\t\t<div class=\"elementor-widget-container\">\n\t\t\t\t\t<h3 class=\"elementor-heading-title elementor-size-default\">Stylish variety in the Munich Zimmermann store<\/h3>\t\t\t\t<\/div>\n\t\t\t\t<\/div>\n\t\t\t\t<div class=\"elementor-element elementor-element-a988dc9 elementor-widget elementor-widget-text-editor\" data-id=\"a988dc9\" data-element_type=\"widget\" data-e-type=\"widget\" data-widget_type=\"text-editor.default\">\n\t\t\t\t<div class=\"elementor-widget-container\">\n\t\t\t\t\t\t\t\t\t<div id=\"col-1844047332\" class=\"col medium-8 small-12 large-8\"><div class=\"col-inner\"><div id=\"col-1844047332\" class=\"col medium-8 small-12 large-8\"><div class=\"col-inner\"><div id=\"col-1844047332\" class=\"col medium-8 small-12 large-8\"><div class=\"col-inner\"><p class=\"p1\">The store features three distinct retail areas, each offering unique stylistic elements that work harmoniously to create the atmosphere of the space. The first two rooms welcome visitors with large custom Palladiana floors, striking white high-gloss walls, and original beams. In the third room, visitors are captivated by the striking recessed mirrored ceiling above burnished russet gloss walls. The separate lounge area\u2019s centrepiece is a stunning stainless-steel fireplace, framed by a custom mirror and aluminium shelving. The room features a mix of vintage and new pieces, from a pair of Dutch Art Deco armchairs to the seventies Italian Murano chandelier, adding a touch of historic sophistication to the room. Zimmermann\u2019s Munich location exemplifies the brand\u2019s commitment to creating retail environments that are both sophisticated and in tune with their surroundings. The blend of historical and contemporary features provides a rich and inviting backdrop for the brand\u2019s elegant collections.<\/p><\/div><\/div><\/div><\/div><\/div><\/div>\t\t\t\t\t\t\t\t<\/div>\n\t\t\t\t<\/div>\n\t\t\t\t<\/div>\n\t\t<div class=\"elementor-element elementor-element-4212688 e-con-full e-flex e-con e-child\" data-id=\"4212688\" data-element_type=\"container\" data-e-type=\"container\">\n\t\t\t\t<div class=\"elementor-element elementor-element-9e59c8e elementor-widget elementor-widget-image\" data-id=\"9e59c8e\" data-element_type=\"widget\" data-e-type=\"widget\" data-widget_type=\"image.default\">\n\t\t\t\t<div class=\"elementor-widget-container\">\n\t\t\t\t\t\t\t\t\t\t\t\t\t\t\t<img decoding=\"async\" src=\"https:\/\/gruschwitz.de\/wp-content\/uploads\/2025\/05\/zimmermann-innen-800x1200px.webp\" title=\"zimmermann-innen-800x1200px\" alt=\"Innenaufnahme vom Zimmermann Store Maximilianstrasse M\u00fcnchen\" loading=\"lazy\" \/>\t\t\t\t\t\t\t\t\t\t\t\t\t\t\t<\/div>\n\t\t\t\t<\/div>\n\t\t\t\t<\/div>\n\t\t\t\t<\/div>\n\t\t\t\t\t<\/div>\n\t\t\t\t<\/div>\n\t\t<div class=\"elementor-element elementor-element-c04e328 e-flex e-con-boxed e-con e-parent\" data-id=\"c04e328\" data-element_type=\"container\" data-e-type=\"container\" data-settings=\"{&quot;background_background&quot;:&quot;classic&quot;}\">\n\t\t\t\t\t<div class=\"e-con-inner\">\n\t\t<div class=\"elementor-element elementor-element-dd93cd9 e-con-full e-flex e-con e-child\" data-id=\"dd93cd9\" data-element_type=\"container\" data-e-type=\"container\">\n\t\t\t\t<div class=\"elementor-element elementor-element-3c7c1c4 elementor-widget elementor-widget-heading\" data-id=\"3c7c1c4\" data-element_type=\"widget\" data-e-type=\"widget\" data-widget_type=\"heading.default\">\n\t\t\t\t<div class=\"elementor-widget-container\">\n\t\t\t\t\t<h2 class=\"elementor-heading-title elementor-size-default\">Behind the scenes <\/h2>\t\t\t\t<\/div>\n\t\t\t\t<\/div>\n\t\t\t\t<div class=\"elementor-element elementor-element-a28e688 elementor-widget elementor-widget-text-editor\" data-id=\"a28e688\" data-element_type=\"widget\" data-e-type=\"widget\" data-widget_type=\"text-editor.default\">\n\t\t\t\t<div class=\"elementor-widget-container\">\n\t\t\t\t\t\t\t\t\t<p>Our Instagram reels give you even more insights into the Zimmermann project.<\/p>\t\t\t\t\t\t\t\t<\/div>\n\t\t\t\t<\/div>\n\t\t\t\t<div class=\"elementor-element elementor-element-f90e31f elementor-align-left elementor-widget elementor-widget-button\" data-id=\"f90e31f\" data-element_type=\"widget\" data-e-type=\"widget\" data-widget_type=\"button.default\">\n\t\t\t\t<div class=\"elementor-widget-container\">\n\t\t\t\t\t\t\t\t\t<div class=\"elementor-button-wrapper\">\n\t\t\t\t\t<a class=\"elementor-button elementor-button-link elementor-size-sm\" href=\"https:\/\/www.instagram.com\/gruschwitz.de\/reels\/?hl=de\">\n\t\t\t\t\t\t<span class=\"elementor-button-content-wrapper\">\n\t\t\t\t\t\t\t\t\t<span class=\"elementor-button-text\">Explore more reels<\/span>\n\t\t\t\t\t<\/span>\n\t\t\t\t\t<\/a>\n\t\t\t\t<\/div>\n\t\t\t\t\t\t\t\t<\/div>\n\t\t\t\t<\/div>\n\t\t\t\t<\/div>\n\t\t<div class=\"elementor-element elementor-element-4820b7a e-con-full e-flex e-con e-child\" data-id=\"4820b7a\" data-element_type=\"container\" data-e-type=\"container\">\n\t\t<div class=\"elementor-element elementor-element-a87fa28 e-con-full e-flex e-con e-child\" data-id=\"a87fa28\" data-element_type=\"container\" data-e-type=\"container\">\n\t\t\t\t<div class=\"elementor-element elementor-element-829fdec elementor-widget elementor-widget-video\" data-id=\"829fdec\" data-element_type=\"widget\" data-e-type=\"widget\" data-settings=\"{&quot;video_type&quot;:&quot;hosted&quot;,&quot;controls&quot;:&quot;yes&quot;}\" data-widget_type=\"video.default\">\n\t\t\t\t<div class=\"elementor-widget-container\">\n\t\t\t\t\t\t\t<div class=\"e-hosted-video elementor-wrapper elementor-open-inline\">\n\t\t\t\t\t<video class=\"elementor-video\" src=\"https:\/\/gruschwitz.de\/wp-content\/uploads\/2025\/05\/Zimermann-Maximilianstrasse_behind-the-scenes-1.mp4\" controls=\"\" preload=\"metadata\" controlslist=\"nodownload\" poster=\"https:\/\/gruschwitz.de\/wp-content\/uploads\/2025\/05\/Zimermann-Maximilianstrasse-2-800x600px.webp\"><\/video>\n\t\t\t\t<\/div>\n\t\t\t\t\t\t<\/div>\n\t\t\t\t<\/div>\n\t\t\t\t<\/div>\n\t\t<div class=\"elementor-element elementor-element-d93a25e e-con-full e-flex e-con e-child\" data-id=\"d93a25e\" data-element_type=\"container\" data-e-type=\"container\">\n\t\t\t\t<div class=\"elementor-element elementor-element-3b01d4c elementor-widget elementor-widget-video\" data-id=\"3b01d4c\" data-element_type=\"widget\" data-e-type=\"widget\" data-settings=\"{&quot;video_type&quot;:&quot;hosted&quot;,&quot;controls&quot;:&quot;yes&quot;}\" data-widget_type=\"video.default\">\n\t\t\t\t<div class=\"elementor-widget-container\">\n\t\t\t\t\t\t\t<div class=\"e-hosted-video elementor-wrapper elementor-open-inline\">\n\t\t\t\t\t<video class=\"elementor-video\" src=\"https:\/\/gruschwitz.de\/wp-content\/uploads\/2025\/05\/Zimermann-Maximilianstrasse_behind-the-scenes-2.mp4\" controls=\"\" preload=\"metadata\" controlslist=\"nodownload\" poster=\"https:\/\/gruschwitz.de\/wp-content\/uploads\/2025\/05\/zimmermann-innen-800x1200px.webp\"><\/video>\n\t\t\t\t<\/div>\n\t\t\t\t\t\t<\/div>\n\t\t\t\t<\/div>\n\t\t\t\t<\/div>\n\t\t\t\t<\/div>\n\t\t\t\t\t<\/div>\n\t\t\t\t<\/div>\n\t\t<div class=\"elementor-element elementor-element-d2de70e e-flex e-con-boxed e-con e-parent\" data-id=\"d2de70e\" data-element_type=\"container\" data-e-type=\"container\">\n\t\t\t\t\t<div class=\"e-con-inner\">\n\t\t<div class=\"elementor-element elementor-element-a1a1e85 e-con-full e-flex e-con e-child\" data-id=\"a1a1e85\" data-element_type=\"container\" data-e-type=\"container\">\n\t\t\t\t<div class=\"elementor-element elementor-element-34f9968 elementor-widget elementor-widget-spacer\" data-id=\"34f9968\" data-element_type=\"widget\" data-e-type=\"widget\" data-widget_type=\"spacer.default\">\n\t\t\t\t<div class=\"elementor-widget-container\">\n\t\t\t\t\t\t\t<div class=\"elementor-spacer\">\n\t\t\t<div class=\"elementor-spacer-inner\"><\/div>\n\t\t<\/div>\n\t\t\t\t\t\t<\/div>\n\t\t\t\t<\/div>\n\t\t\t\t<\/div>\n\t\t<div class=\"elementor-element elementor-element-b5045e4 e-con-full e-flex e-con e-child\" data-id=\"b5045e4\" data-element_type=\"container\" data-e-type=\"container\">\n\t\t\t\t<div class=\"elementor-element elementor-element-2788194 elementor-widget elementor-widget-heading\" data-id=\"2788194\" data-element_type=\"widget\" data-e-type=\"widget\" data-widget_type=\"heading.default\">\n\t\t\t\t<div class=\"elementor-widget-container\">\n\t\t\t\t\t<h2 class=\"elementor-heading-title elementor-size-default\">Facts about the Zimmermann Munich Retail Store<\/h2>\t\t\t\t<\/div>\n\t\t\t\t<\/div>\n\t\t\t\t<\/div>\n\t\t<div class=\"elementor-element elementor-element-e6ec66e e-con-full elementor-hidden-mobile e-flex e-con e-child\" data-id=\"e6ec66e\" data-element_type=\"container\" data-e-type=\"container\">\n\t\t\t\t<\/div>\n\t\t<div class=\"elementor-element elementor-element-361e61e e-con-full e-flex e-con e-child\" data-id=\"361e61e\" data-element_type=\"container\" data-e-type=\"container\">\n\t\t\t\t<div class=\"elementor-element elementor-element-12d0698 elementor-widget elementor-widget-text-editor\" data-id=\"12d0698\" data-element_type=\"widget\" data-e-type=\"widget\" data-widget_type=\"text-editor.default\">\n\t\t\t\t<div class=\"elementor-widget-container\">\n\t\t\t\t\t\t\t\t\t<p><strong>Customer<\/strong><br \/>Zimmermann Germany GmbH<br \/><a href=\"https:\/\/zimmermann.com\" target=\"_blank\" rel=\"noopener\">www.zimmermann.com<\/a><\/p><p><strong>Location<\/strong> <br \/>Maximilianstra\u00dfe 16, 80539 Munich<\/p><p><strong>Area<\/strong><br \/>130 m\u00b2 retail space + 70 m\u00b2 BOH (warehouse and staff areas)<\/p><p><strong>Levels <\/strong><br \/>1+ cellar (storage)<\/p><p><strong>Construction time<\/strong> <br \/>13 weeks<\/p><p><strong>Opening<\/strong> <br \/>November 2024<\/p>\t\t\t\t\t\t\t\t<\/div>\n\t\t\t\t<\/div>\n\t\t\t\t<\/div>\n\t\t<div class=\"elementor-element elementor-element-82e6ad4 e-con-full e-flex e-con e-child\" data-id=\"82e6ad4\" data-element_type=\"container\" data-e-type=\"container\">\n\t\t\t\t<div class=\"elementor-element elementor-element-999c941 elementor-widget elementor-widget-text-editor\" data-id=\"999c941\" data-element_type=\"widget\" data-e-type=\"widget\" data-widget_type=\"text-editor.default\">\n\t\t\t\t<div class=\"elementor-widget-container\">\n\t\t\t\t\t\t\t\t\t<p><strong>Architectural and interior design<\/strong><br \/><a href=\"https:\/\/www.studiomcqualter.com\/\" target=\"_blank\" rel=\"noopener\">Studio McQualter<\/a>Level 1\/106 Oxford St, Paddington 2021, Sydney<\/p><p><strong>Local architect, project management, engineer and general contractor\u00a0<\/strong><br \/>Gruschwitz GmbH; Tizianstr. 53, 80638 Munich<br \/><a href=\"https:\/\/gruschwitz.de\/en\/\" target=\"_blank\" rel=\"noopener\">www.gruschwitz.de<\/a><\/p><p><strong>Photos, Videos<br \/><\/strong>Copyright \u00a9 <a href=\"http:\/\/www.martavidal.com\" target=\"_blank\" rel=\"noopener\">Marta Vidal<\/a>\u00a0for <a href=\"https:\/\/www.zimmermann.com\/en-eu\/\" target=\"_blank\" rel=\"noopener\">ZIMMERMANN<\/a>\u00a0<br \/>Copyright \u00a9 <a href=\"https:\/\/www.onmindmedia.com\/\" target=\"_blank\" rel=\"noopener\">Onmind Media<\/a> for <a href=\"https:\/\/gruschwitz.de\/en\/\">Gruschwitz GmbH<\/a><\/p>\t\t\t\t\t\t\t\t<\/div>\n\t\t\t\t<\/div>\n\t\t\t\t<\/div>\n\t\t\t\t\t<\/div>\n\t\t\t\t<\/div>\n\t\t<div class=\"elementor-element elementor-element-62bc573 e-con-full e-flex e-con e-child\" data-id=\"62bc573\" data-element_type=\"container\" data-e-type=\"container\">\n\t\t\t\t<div class=\"elementor-element elementor-element-58c8feb elementor-align-center elementor-widget elementor-widget-button\" data-id=\"58c8feb\" data-element_type=\"widget\" data-e-type=\"widget\" data-widget_type=\"button.default\">\n\t\t\t\t<div class=\"elementor-widget-container\">\n\t\t\t\t\t\t\t\t\t<div class=\"elementor-button-wrapper\">\n\t\t\t\t\t<a class=\"elementor-button elementor-button-link elementor-size-sm\" href=\"https:\/\/gruschwitz.de\/en\/projekte\/\">\n\t\t\t\t\t\t<span class=\"elementor-button-content-wrapper\">\n\t\t\t\t\t\t\t\t\t<span class=\"elementor-button-text\">Explore more projects<\/span>\n\t\t\t\t\t<\/span>\n\t\t\t\t\t<\/a>\n\t\t\t\t<\/div>\n\t\t\t\t\t\t\t\t<\/div>\n\t\t\t\t<\/div>\n\t\t\t\t<div class=\"elementor-element elementor-element-c07717f elementor-widget elementor-widget-spacer\" data-id=\"c07717f\" data-element_type=\"widget\" data-e-type=\"widget\" data-widget_type=\"spacer.default\">\n\t\t\t\t<div class=\"elementor-widget-container\">\n\t\t\t\t\t\t\t<div class=\"elementor-spacer\">\n\t\t\t<div class=\"elementor-spacer-inner\"><\/div>\n\t\t<\/div>\n\t\t\t\t\t\t<\/div>\n\t\t\t\t<\/div>\n\t\t\t\t<\/div>\n\t\t\t\t<\/div>","protected":false},"excerpt":{"rendered":"<p>Zimmermann Premiumfashion aus Australien bereichert die M\u00fcnchener Maximilianstra\u00dfe Seit November 2024 bereichert Zimmermann die M\u00fcnchner Maximilianstra\u00dfe. Das High-End-Modehaus aus Australien ist mit einem eigenen Store an der exklusiven Flaniermeile im Herzen der bayerischen Landeshauptstadt vertreten. Zimmermann ist eine Luxusmarke, die f\u00fcr ihre m\u00fchelose Eleganz, ihre unverwechselbaren Prints und ihre feminine Design\u00e4sthetik bekannt ist. Die Marke [&hellip;]<\/p>\n","protected":false},"author":3,"featured_media":4308,"parent":84,"menu_order":0,"comment_status":"closed","ping_status":"closed","template":"","meta":{"ocean_post_layout":"","ocean_both_sidebars_style":"","ocean_both_sidebars_content_width":0,"ocean_both_sidebars_sidebars_width":0,"ocean_sidebar":"","ocean_second_sidebar":"","ocean_disable_margins":"enable","ocean_add_body_class":"","ocean_shortcode_before_top_bar":"","ocean_shortcode_after_top_bar":"","ocean_shortcode_before_header":"","ocean_shortcode_after_header":"","ocean_has_shortcode":"","ocean_shortcode_after_title":"","ocean_shortcode_before_footer_widgets":"","ocean_shortcode_after_footer_widgets":"","ocean_shortcode_before_footer_bottom":"","ocean_shortcode_after_footer_bottom":"","ocean_display_top_bar":"default","ocean_display_header":"default","ocean_header_style":"","ocean_center_header_left_menu":"","ocean_custom_header_template":"","ocean_custom_logo":0,"ocean_custom_retina_logo":0,"ocean_custom_logo_max_width":0,"ocean_custom_logo_tablet_max_width":0,"ocean_custom_logo_mobile_max_width":0,"ocean_custom_logo_max_height":0,"ocean_custom_logo_tablet_max_height":0,"ocean_custom_logo_mobile_max_height":0,"ocean_header_custom_menu":"","ocean_menu_typo_font_family":"","ocean_menu_typo_font_subset":"","ocean_menu_typo_font_size":0,"ocean_menu_typo_font_size_tablet":0,"ocean_menu_typo_font_size_mobile":0,"ocean_menu_typo_font_size_unit":"px","ocean_menu_typo_font_weight":"","ocean_menu_typo_font_weight_tablet":"","ocean_menu_typo_font_weight_mobile":"","ocean_menu_typo_transform":"","ocean_menu_typo_transform_tablet":"","ocean_menu_typo_transform_mobile":"","ocean_menu_typo_line_height":0,"ocean_menu_typo_line_height_tablet":0,"ocean_menu_typo_line_height_mobile":0,"ocean_menu_typo_line_height_unit":"","ocean_menu_typo_spacing":0,"ocean_menu_typo_spacing_tablet":0,"ocean_menu_typo_spacing_mobile":0,"ocean_menu_typo_spacing_unit":"","ocean_menu_link_color":"","ocean_menu_link_color_hover":"","ocean_menu_link_color_active":"","ocean_menu_link_background":"","ocean_menu_link_hover_background":"","ocean_menu_link_active_background":"","ocean_menu_social_links_bg":"","ocean_menu_social_hover_links_bg":"","ocean_menu_social_links_color":"","ocean_menu_social_hover_links_color":"","ocean_disable_title":"default","ocean_disable_heading":"default","ocean_post_title":"","ocean_post_subheading":"","ocean_post_title_style":"","ocean_post_title_background_color":"","ocean_post_title_background":0,"ocean_post_title_bg_image_position":"","ocean_post_title_bg_image_attachment":"","ocean_post_title_bg_image_repeat":"","ocean_post_title_bg_image_size":"","ocean_post_title_height":0,"ocean_post_title_bg_overlay":0.5,"ocean_post_title_bg_overlay_color":"","ocean_disable_breadcrumbs":"default","ocean_breadcrumbs_color":"","ocean_breadcrumbs_separator_color":"","ocean_breadcrumbs_links_color":"","ocean_breadcrumbs_links_hover_color":"","ocean_display_footer_widgets":"default","ocean_display_footer_bottom":"default","ocean_custom_footer_template":"","footnotes":""},"categories":[16,13],"tags":[],"class_list":["post-4304","page","type-page","status-publish","has-post-thumbnail","hentry","category-alle-projekte","category-retail","entry","has-media"],"_links":{"self":[{"href":"https:\/\/gruschwitz.de\/en\/wp-json\/wp\/v2\/pages\/4304","targetHints":{"allow":["GET"]}}],"collection":[{"href":"https:\/\/gruschwitz.de\/en\/wp-json\/wp\/v2\/pages"}],"about":[{"href":"https:\/\/gruschwitz.de\/en\/wp-json\/wp\/v2\/types\/page"}],"author":[{"embeddable":true,"href":"https:\/\/gruschwitz.de\/en\/wp-json\/wp\/v2\/users\/3"}],"replies":[{"embeddable":true,"href":"https:\/\/gruschwitz.de\/en\/wp-json\/wp\/v2\/comments?post=4304"}],"version-history":[{"count":0,"href":"https:\/\/gruschwitz.de\/en\/wp-json\/wp\/v2\/pages\/4304\/revisions"}],"up":[{"embeddable":true,"href":"https:\/\/gruschwitz.de\/en\/wp-json\/wp\/v2\/pages\/84"}],"wp:featuredmedia":[{"embeddable":true,"href":"https:\/\/gruschwitz.de\/en\/wp-json\/wp\/v2\/media\/4308"}],"wp:attachment":[{"href":"https:\/\/gruschwitz.de\/en\/wp-json\/wp\/v2\/media?parent=4304"}],"wp:term":[{"taxonomy":"category","embeddable":true,"href":"https:\/\/gruschwitz.de\/en\/wp-json\/wp\/v2\/categories?post=4304"},{"taxonomy":"post_tag","embeddable":true,"href":"https:\/\/gruschwitz.de\/en\/wp-json\/wp\/v2\/tags?post=4304"}],"curies":[{"name":"wp","href":"https:\/\/api.w.org\/{rel}","templated":true}]}}