{"id":3561,"date":"2020-10-22T18:42:47","date_gmt":"2020-10-22T16:42:47","guid":{"rendered":"https:\/\/gruschwitz.de\/?page_id=3561"},"modified":"2025-11-26T11:22:37","modified_gmt":"2025-11-26T10:22:37","slug":"hilton","status":"publish","type":"page","link":"https:\/\/gruschwitz.de\/en\/projekte\/hilton\/","title":{"rendered":"Hilton"},"content":{"rendered":"\t\t<div data-elementor-type=\"wp-page\" data-elementor-id=\"3561\" class=\"elementor elementor-3561\" data-elementor-post-type=\"page\">\n\t\t\t\t<div class=\"elementor-element elementor-element-59dec7dd e-con-full e-flex e-con e-parent\" data-id=\"59dec7dd\" data-element_type=\"container\" data-e-type=\"container\" data-settings=\"{&quot;background_background&quot;:&quot;slideshow&quot;,&quot;background_slideshow_gallery&quot;:[{&quot;id&quot;:3572,&quot;url&quot;:&quot;https:\\\/\\\/gruschwitz.de\\\/wp-content\\\/uploads\\\/2024\\\/10\\\/hilton-Full-HD_2.webp&quot;}],&quot;background_slideshow_loop&quot;:&quot;yes&quot;,&quot;background_slideshow_slide_duration&quot;:5000,&quot;background_slideshow_slide_transition&quot;:&quot;fade&quot;,&quot;background_slideshow_transition_duration&quot;:500}\">\n\t\t\t\t<\/div>\n\t\t<div class=\"elementor-element elementor-element-311e005c e-transform e-flex e-con-boxed e-con e-parent\" data-id=\"311e005c\" data-element_type=\"container\" data-e-type=\"container\" data-settings=\"{&quot;_transform_translateY_effect&quot;:{&quot;unit&quot;:&quot;px&quot;,&quot;size&quot;:-123,&quot;sizes&quot;:[]},&quot;_transform_translateY_effect_mobile&quot;:{&quot;unit&quot;:&quot;px&quot;,&quot;size&quot;:-70,&quot;sizes&quot;:[]},&quot;_transform_translateX_effect&quot;:{&quot;unit&quot;:&quot;px&quot;,&quot;size&quot;:&quot;&quot;,&quot;sizes&quot;:[]},&quot;_transform_translateX_effect_tablet&quot;:{&quot;unit&quot;:&quot;px&quot;,&quot;size&quot;:&quot;&quot;,&quot;sizes&quot;:[]},&quot;_transform_translateX_effect_mobile&quot;:{&quot;unit&quot;:&quot;px&quot;,&quot;size&quot;:&quot;&quot;,&quot;sizes&quot;:[]},&quot;_transform_translateY_effect_tablet&quot;:{&quot;unit&quot;:&quot;px&quot;,&quot;size&quot;:&quot;&quot;,&quot;sizes&quot;:[]}}\">\n\t\t\t\t\t<div class=\"e-con-inner\">\n\t\t<div class=\"elementor-element elementor-element-7a8d25df e-con-full e-flex e-con e-child\" data-id=\"7a8d25df\" data-element_type=\"container\" data-e-type=\"container\" data-settings=\"{&quot;background_background&quot;:&quot;classic&quot;}\">\n\t\t\t\t<div class=\"elementor-element elementor-element-40be1bd elementor-widget elementor-widget-heading\" data-id=\"40be1bd\" data-element_type=\"widget\" data-e-type=\"widget\" data-widget_type=\"heading.default\">\n\t\t\t\t<div class=\"elementor-widget-container\">\n\t\t\t\t\t<h1 class=\"elementor-heading-title elementor-size-default\">Hilton<\/h1>\t\t\t\t<\/div>\n\t\t\t\t<\/div>\n\t\t\t\t<div class=\"elementor-element elementor-element-40d13d3b elementor-widget elementor-widget-text-editor\" data-id=\"40d13d3b\" data-element_type=\"widget\" data-e-type=\"widget\" data-widget_type=\"text-editor.default\">\n\t\t\t\t<div class=\"elementor-widget-container\">\n\t\t\t\t\t\t\t\t\t<p>Dinner mit Bergpanorama<\/p>\t\t\t\t\t\t\t\t<\/div>\n\t\t\t\t<\/div>\n\t\t\t\t<div class=\"elementor-element elementor-element-f2dbede elementor-widget elementor-widget-text-editor\" data-id=\"f2dbede\" data-element_type=\"widget\" data-e-type=\"widget\" data-widget_type=\"text-editor.default\">\n\t\t\t\t<div class=\"elementor-widget-container\">\n\t\t\t\t\t\t\t\t\t<p>Im September haben mit dem Mountain Hub Social Dining und dem Mountain Hub Gourmet gleich zwei neue Genuss-Hotspots in M\u00fcnchen direkt am Airport er\u00f6ffnet. Das eine steht im Zeichen des l\u00e4ssig-urbanen Lebensstils moderner Alpenl\u00e4nder, gem\u00fctlich, casual und nahbar.<\/p><p>\u00a0<\/p>\t\t\t\t\t\t\t\t<\/div>\n\t\t\t\t<\/div>\n\t\t\t\t<\/div>\n\t\t<div class=\"elementor-element elementor-element-30bd80c e-con-full elementor-hidden-mobile e-flex e-con e-child\" data-id=\"30bd80c\" data-element_type=\"container\" data-e-type=\"container\">\n\t\t\t\t<\/div>\n\t\t\t\t\t<\/div>\n\t\t\t\t<\/div>\n\t\t<div class=\"elementor-element elementor-element-31620681 e-flex e-con-boxed e-con e-parent\" data-id=\"31620681\" data-element_type=\"container\" data-e-type=\"container\">\n\t\t\t\t\t<div class=\"e-con-inner\">\n\t\t<div class=\"elementor-element elementor-element-4e3ef1f e-con-full e-flex e-con e-child\" data-id=\"4e3ef1f\" data-element_type=\"container\" data-e-type=\"container\">\n\t\t<div class=\"elementor-element elementor-element-587d7344 e-con-full e-flex e-con e-child\" data-id=\"587d7344\" data-element_type=\"container\" data-e-type=\"container\">\n\t\t\t\t<div class=\"elementor-element elementor-element-7dd358d9 elementor-widget elementor-widget-text-editor\" data-id=\"7dd358d9\" data-element_type=\"widget\" data-e-type=\"widget\" data-widget_type=\"text-editor.default\">\n\t\t\t\t<div class=\"elementor-widget-container\">\n\t\t\t\t\t\t\t\t\t<p>Das andere l\u00e4sst die Herzen kulinarischer Gipfelst\u00fcrmer h\u00f6herschlagen und bietet \u00fcberraschende Spezialit\u00e4ten der Extraklasse &#8211; international gedacht und regional gemacht.<\/p><p>Unser B\u00fcro war f\u00fcr die Ausf\u00fchrungsplanung, Projektabwicklung und Bauleitung verantwortlich.<span class=\"Apple-converted-space\">\u00a0<\/span><\/p>\t\t\t\t\t\t\t\t<\/div>\n\t\t\t\t<\/div>\n\t\t\t\t<div class=\"elementor-element elementor-element-3a44ff4 elementor-widget elementor-widget-text-editor\" data-id=\"3a44ff4\" data-element_type=\"widget\" data-e-type=\"widget\" data-widget_type=\"text-editor.default\">\n\t\t\t\t<div class=\"elementor-widget-container\">\n\t\t\t\t\t\t\t\t\t<p>Ein herzlicher Service in moderner Architektur aus dem Hause Rawle und ein Interieur gepr\u00e4gt von Materialien aus der umgebenden Bergwelt und viel regionaler Referenz laden ein zum Wiederkommen.<\/p>\t\t\t\t\t\t\t\t<\/div>\n\t\t\t\t<\/div>\n\t\t\t\t<\/div>\n\t\t<div class=\"elementor-element elementor-element-48d2194 e-con-full e-flex e-con e-child\" data-id=\"48d2194\" data-element_type=\"container\" data-e-type=\"container\">\n\t\t\t\t<div class=\"elementor-element elementor-element-2669bfa0 elementor-widget elementor-widget-image\" data-id=\"2669bfa0\" data-element_type=\"widget\" data-e-type=\"widget\" data-widget_type=\"image.default\">\n\t\t\t\t<div class=\"elementor-widget-container\">\n\t\t\t\t\t\t\t\t\t\t\t\t\t\t\t<img decoding=\"async\" src=\"https:\/\/gruschwitz.de\/wp-content\/uploads\/2024\/10\/hilton-800x600px.webp\" title=\"hilton-800x600px\" alt=\"hilton-800x600px\" loading=\"lazy\" \/>\t\t\t\t\t\t\t\t\t\t\t\t\t\t\t<\/div>\n\t\t\t\t<\/div>\n\t\t\t\t<\/div>\n\t\t\t\t<\/div>\n\t\t<div class=\"elementor-element elementor-element-cc583f0 e-con-full e-flex e-con e-child\" data-id=\"cc583f0\" data-element_type=\"container\" data-e-type=\"container\">\n\t\t\t\t<div class=\"elementor-element elementor-element-6dbbeaa elementor-widget elementor-widget-spacer\" data-id=\"6dbbeaa\" data-element_type=\"widget\" data-e-type=\"widget\" data-widget_type=\"spacer.default\">\n\t\t\t\t<div class=\"elementor-widget-container\">\n\t\t\t\t\t\t\t<div class=\"elementor-spacer\">\n\t\t\t<div class=\"elementor-spacer-inner\"><\/div>\n\t\t<\/div>\n\t\t\t\t\t\t<\/div>\n\t\t\t\t<\/div>\n\t\t\t\t<\/div>\n\t\t<div class=\"elementor-element elementor-element-9951353 e-con-full e-flex e-con e-child\" data-id=\"9951353\" data-element_type=\"container\" data-e-type=\"container\">\n\t\t<div class=\"elementor-element elementor-element-48bbf78 e-con-full e-flex e-con e-child\" data-id=\"48bbf78\" data-element_type=\"container\" data-e-type=\"container\">\n\t\t\t\t<div class=\"elementor-element elementor-element-4ff33453 elementor-widget elementor-widget-image\" data-id=\"4ff33453\" data-element_type=\"widget\" data-e-type=\"widget\" data-widget_type=\"image.default\">\n\t\t\t\t<div class=\"elementor-widget-container\">\n\t\t\t\t\t\t\t\t\t\t\t\t\t\t\t<img decoding=\"async\" src=\"https:\/\/gruschwitz.de\/wp-content\/uploads\/2024\/10\/hilton-800x600px_4.webp\" title=\"hilton-800x600px_4\" alt=\"hilton-800x600px_4\" loading=\"lazy\" \/>\t\t\t\t\t\t\t\t\t\t\t\t\t\t\t<\/div>\n\t\t\t\t<\/div>\n\t\t\t\t<\/div>\n\t\t<div class=\"elementor-element elementor-element-c40a651 e-con-full e-flex e-con e-child\" data-id=\"c40a651\" data-element_type=\"container\" data-e-type=\"container\">\n\t\t\t\t<div class=\"elementor-element elementor-element-d0eb899 elementor-widget elementor-widget-text-editor\" data-id=\"d0eb899\" data-element_type=\"widget\" data-e-type=\"widget\" data-widget_type=\"text-editor.default\">\n\t\t\t\t<div class=\"elementor-widget-container\">\n\t\t\t\t\t\t\t\t\t<p>Ein herzlicher Service in moderner Architektur aus dem Hause Rawle und ein Interieur gepr\u00e4gt von Materialien aus der umgebenden Bergwelt und viel regionaler Referenz laden ein zum Wiederkommen.<\/p>\t\t\t\t\t\t\t\t<\/div>\n\t\t\t\t<\/div>\n\t\t\t\t<\/div>\n\t\t\t\t<\/div>\n\t\t<div class=\"elementor-element elementor-element-8f52d5a e-con-full e-flex e-con e-child\" data-id=\"8f52d5a\" data-element_type=\"container\" data-e-type=\"container\">\n\t\t\t\t<div class=\"elementor-element elementor-element-80b8f65 elementor-widget elementor-widget-spacer\" data-id=\"80b8f65\" data-element_type=\"widget\" data-e-type=\"widget\" data-widget_type=\"spacer.default\">\n\t\t\t\t<div class=\"elementor-widget-container\">\n\t\t\t\t\t\t\t<div class=\"elementor-spacer\">\n\t\t\t<div class=\"elementor-spacer-inner\"><\/div>\n\t\t<\/div>\n\t\t\t\t\t\t<\/div>\n\t\t\t\t<\/div>\n\t\t\t\t<\/div>\n\t\t<div class=\"elementor-element elementor-element-2140575 e-con-full e-flex e-con e-child\" data-id=\"2140575\" data-element_type=\"container\" data-e-type=\"container\">\n\t\t<div class=\"elementor-element elementor-element-61f3d82 e-con-full e-flex e-con e-child\" data-id=\"61f3d82\" data-element_type=\"container\" data-e-type=\"container\">\n\t\t\t\t<div class=\"elementor-element elementor-element-7544a86 elementor-widget elementor-widget-image\" data-id=\"7544a86\" data-element_type=\"widget\" data-e-type=\"widget\" data-widget_type=\"image.default\">\n\t\t\t\t<div class=\"elementor-widget-container\">\n\t\t\t\t\t\t\t\t\t\t\t\t\t\t\t<img decoding=\"async\" src=\"https:\/\/gruschwitz.de\/wp-content\/uploads\/2024\/10\/hilton-800x600px_3.webp\" title=\"hilton-800x600px_3\" alt=\"hilton-800x600px_3\" loading=\"lazy\" \/>\t\t\t\t\t\t\t\t\t\t\t\t\t\t\t<\/div>\n\t\t\t\t<\/div>\n\t\t\t\t<div class=\"elementor-element elementor-element-234336c elementor-widget elementor-widget-image\" data-id=\"234336c\" data-element_type=\"widget\" data-e-type=\"widget\" data-widget_type=\"image.default\">\n\t\t\t\t<div class=\"elementor-widget-container\">\n\t\t\t\t\t\t\t\t\t\t\t\t\t\t\t<img decoding=\"async\" src=\"https:\/\/gruschwitz.de\/wp-content\/uploads\/2024\/10\/hilton-800x600px_2.webp\" title=\"hilton-800x600px_2\" alt=\"hilton-800x600px_2\" loading=\"lazy\" \/>\t\t\t\t\t\t\t\t\t\t\t\t\t\t\t<\/div>\n\t\t\t\t<\/div>\n\t\t\t\t<\/div>\n\t\t<div class=\"elementor-element elementor-element-ca53333 e-con-full e-flex e-con e-child\" data-id=\"ca53333\" data-element_type=\"container\" data-e-type=\"container\">\n\t\t\t\t<div class=\"elementor-element elementor-element-9174785 elementor-widget elementor-widget-text-editor\" data-id=\"9174785\" data-element_type=\"widget\" data-e-type=\"widget\" data-widget_type=\"text-editor.default\">\n\t\t\t\t<div class=\"elementor-widget-container\">\n\t\t\t\t\t\t\t\t\t<div id=\"col-819882697\" class=\"col medium-8 small-12 large-8\"><div class=\"col-inner\"><p>Bereits an der Fassade werden zackige Formen eingef\u00fchrt, die an ein abstraktes Bergpanorama erinnern. Eine leuchtende Filz-Bergwand als akustisches Wandelement verweist im Inneren des Social Dining auf den Watzmann. Im Buffetbereich wird das Motiv der Berglandschaft durch die Anordnung der Wandfliesen aufgenommen. Die Kaffeestation l\u00e4dt die Besucher ein zum Entdecken, Ausprobieren und Verweilen. In der Mitte des Social Dinings lockert die Central Service Station mit ihrem eleganten Lichtspiel den Raum auf und bietet Platz f\u00fcr privatere Sitzm\u00f6glichkeiten. Gleichzeitig garantiert der zentrale Mittelpunkt die praktische und schnelle Bedienung der G\u00e4ste. Ein besonderes Highlight ist der Herbchandelier, der als \u00fcberdimensionaler Kronleuchter mit integrierten Kr\u00e4utert\u00f6pfen die Blicke auf sich zieht. Bereits im \u00dcbergang stimmt ein Weinregal die Besucher auf die edle Atmosph\u00e4re im Mountain Hub Gourmet ein. Tiefer im Raum zeichnet eine Sonderanfertigung mit zahlreichen Pendelleuchten eine Bergsilhouette nach. Eine lebende Pflanzenwand sowie die Beduftungsanlage macht die Inszenierung einer alpenl\u00e4ndischen Atmosph\u00e4re perfekt. Verschiedene Stoffe und Kissen setzen dabei farbliche Akzente. In diesem Bereich befindet sich auch die exklusive Bar.<\/p><\/div><\/div>\t\t\t\t\t\t\t\t<\/div>\n\t\t\t\t<\/div>\n\t\t\t\t<\/div>\n\t\t\t\t<\/div>\n\t\t<div class=\"elementor-element elementor-element-2e5e7e4 e-con-full e-flex e-con e-child\" data-id=\"2e5e7e4\" data-element_type=\"container\" data-e-type=\"container\">\n\t\t\t\t<div class=\"elementor-element elementor-element-d96674a elementor-widget elementor-widget-spacer\" data-id=\"d96674a\" data-element_type=\"widget\" data-e-type=\"widget\" data-widget_type=\"spacer.default\">\n\t\t\t\t<div class=\"elementor-widget-container\">\n\t\t\t\t\t\t\t<div class=\"elementor-spacer\">\n\t\t\t<div class=\"elementor-spacer-inner\"><\/div>\n\t\t<\/div>\n\t\t\t\t\t\t<\/div>\n\t\t\t\t<\/div>\n\t\t\t\t<\/div>\n\t\t\t\t\t<\/div>\n\t\t\t\t<\/div>\n\t\t<div class=\"elementor-element elementor-element-1bf1b7c8 e-flex e-con-boxed e-con e-parent\" data-id=\"1bf1b7c8\" data-element_type=\"container\" data-e-type=\"container\">\n\t\t\t\t\t<div class=\"e-con-inner\">\n\t\t<div class=\"elementor-element elementor-element-a92dc71 e-con-full e-flex e-con e-child\" data-id=\"a92dc71\" data-element_type=\"container\" data-e-type=\"container\">\n\t\t\t\t<div class=\"elementor-element elementor-element-a4123fb elementor-widget elementor-widget-spacer\" data-id=\"a4123fb\" data-element_type=\"widget\" data-e-type=\"widget\" data-widget_type=\"spacer.default\">\n\t\t\t\t<div class=\"elementor-widget-container\">\n\t\t\t\t\t\t\t<div class=\"elementor-spacer\">\n\t\t\t<div class=\"elementor-spacer-inner\"><\/div>\n\t\t<\/div>\n\t\t\t\t\t\t<\/div>\n\t\t\t\t<\/div>\n\t\t\t\t<\/div>\n\t\t<div class=\"elementor-element elementor-element-6af44f5a e-con-full e-flex e-con e-child\" data-id=\"6af44f5a\" data-element_type=\"container\" data-e-type=\"container\">\n\t\t\t\t<div class=\"elementor-element elementor-element-68871244 elementor-widget elementor-widget-heading\" data-id=\"68871244\" data-element_type=\"widget\" data-e-type=\"widget\" data-widget_type=\"heading.default\">\n\t\t\t\t<div class=\"elementor-widget-container\">\n\t\t\t\t\t<h1 class=\"elementor-heading-title elementor-size-default\">Fakten zu diesem Projekt<\/h1>\t\t\t\t<\/div>\n\t\t\t\t<\/div>\n\t\t\t\t<\/div>\n\t\t<div class=\"elementor-element elementor-element-29817daa e-con-full elementor-hidden-mobile e-flex e-con e-child\" data-id=\"29817daa\" data-element_type=\"container\" data-e-type=\"container\">\n\t\t\t\t<\/div>\n\t\t<div class=\"elementor-element elementor-element-67a29966 e-con-full e-flex e-con e-child\" data-id=\"67a29966\" data-element_type=\"container\" data-e-type=\"container\">\n\t\t\t\t<div class=\"elementor-element elementor-element-20dddf26 elementor-widget elementor-widget-text-editor\" data-id=\"20dddf26\" data-element_type=\"widget\" data-e-type=\"widget\" data-widget_type=\"text-editor.default\">\n\t\t\t\t<div class=\"elementor-widget-container\">\n\t\t\t\t\t\t\t\t\t<p><strong>Kunde<\/strong><br \/>Allresto Flughafen M\u00fcnchen, Hotel &amp; Gastst\u00e4tten GmbH, M\u00fcnchen Flughafen \u2028<\/p><p><strong>Standort<\/strong> <br \/>Flughafen M\u00fcnchen<\/p><p><strong>Fl\u00e4che<\/strong><br \/>775 m\u00b2<\/p><p><strong>Er\u00f6ffnung<\/strong> <br \/>September 2020<\/p>\t\t\t\t\t\t\t\t<\/div>\n\t\t\t\t<\/div>\n\t\t\t\t<\/div>\n\t\t<div class=\"elementor-element elementor-element-356af15 e-con-full e-flex e-con e-child\" data-id=\"356af15\" data-element_type=\"container\" data-e-type=\"container\">\n\t\t\t\t<div class=\"elementor-element elementor-element-3d09ceb2 elementor-widget elementor-widget-text-editor\" data-id=\"3d09ceb2\" data-element_type=\"widget\" data-e-type=\"widget\" data-widget_type=\"text-editor.default\">\n\t\t\t\t<div class=\"elementor-widget-container\">\n\t\t\t\t\t\t\t\t\t<p><b><\/b><b>Planung, Realisierung<br \/><\/b>Gruschwitz GmbH; Tizianstr. 53, 80638 M\u00fcnchen<br \/><a href=\"http:\/\/www.gruschwitz.de\" target=\"_blank\" rel=\"noopener\">www.gruschwitz.de<\/a><\/p><p><strong>Fotos (C):<\/strong><br \/>Copyright \u00a9 Hilton Munich Airport, M\u00fcnchen Flughafen, <br \/><a href=\"http:\/\/www.munichairport.hilton.com\" target=\"_blank\" rel=\"noopener\">www.munichairport.hilton.com<\/a><\/p>\t\t\t\t\t\t\t\t<\/div>\n\t\t\t\t<\/div>\n\t\t\t\t<\/div>\n\t\t<div class=\"elementor-element elementor-element-484fa59 e-con-full e-flex e-con e-child\" data-id=\"484fa59\" data-element_type=\"container\" data-e-type=\"container\">\n\t\t\t\t<div class=\"elementor-element elementor-element-b6e414a elementor-widget elementor-widget-spacer\" data-id=\"b6e414a\" data-element_type=\"widget\" data-e-type=\"widget\" data-widget_type=\"spacer.default\">\n\t\t\t\t<div class=\"elementor-widget-container\">\n\t\t\t\t\t\t\t<div class=\"elementor-spacer\">\n\t\t\t<div class=\"elementor-spacer-inner\"><\/div>\n\t\t<\/div>\n\t\t\t\t\t\t<\/div>\n\t\t\t\t<\/div>\n\t\t\t\t<\/div>\n\t\t\t\t\t<\/div>\n\t\t\t\t<\/div>\n\t\t\t\t<\/div>\n\t\t","protected":false},"excerpt":{"rendered":"<p>Hilton Dinner mit Bergpanorama Im September haben mit dem Mountain Hub Social Dining und dem Mountain Hub Gourmet gleich zwei neue Genuss-Hotspots in M\u00fcnchen direkt am Airport er\u00f6ffnet. Das eine steht im Zeichen des l\u00e4ssig-urbanen Lebensstils moderner Alpenl\u00e4nder, gem\u00fctlich, casual und nahbar. \u00a0 Das andere l\u00e4sst die Herzen kulinarischer Gipfelst\u00fcrmer h\u00f6herschlagen und bietet \u00fcberraschende Spezialit\u00e4ten [&hellip;]<\/p>\n","protected":false},"author":2,"featured_media":3569,"parent":84,"menu_order":0,"comment_status":"closed","ping_status":"closed","template":"elementor_header_footer","meta":{"ocean_post_layout":"","ocean_both_sidebars_style":"","ocean_both_sidebars_content_width":0,"ocean_both_sidebars_sidebars_width":0,"ocean_sidebar":"","ocean_second_sidebar":"","ocean_disable_margins":"enable","ocean_add_body_class":"","ocean_shortcode_before_top_bar":"","ocean_shortcode_after_top_bar":"","ocean_shortcode_before_header":"","ocean_shortcode_after_header":"","ocean_has_shortcode":"","ocean_shortcode_after_title":"","ocean_shortcode_before_footer_widgets":"","ocean_shortcode_after_footer_widgets":"","ocean_shortcode_before_footer_bottom":"","ocean_shortcode_after_footer_bottom":"","ocean_display_top_bar":"default","ocean_display_header":"default","ocean_header_style":"","ocean_center_header_left_menu":"","ocean_custom_header_template":"","ocean_custom_logo":0,"ocean_custom_retina_logo":0,"ocean_custom_logo_max_width":0,"ocean_custom_logo_tablet_max_width":0,"ocean_custom_logo_mobile_max_width":0,"ocean_custom_logo_max_height":0,"ocean_custom_logo_tablet_max_height":0,"ocean_custom_logo_mobile_max_height":0,"ocean_header_custom_menu":"","ocean_menu_typo_font_family":"","ocean_menu_typo_font_subset":"","ocean_menu_typo_font_size":0,"ocean_menu_typo_font_size_tablet":0,"ocean_menu_typo_font_size_mobile":0,"ocean_menu_typo_font_size_unit":"px","ocean_menu_typo_font_weight":"","ocean_menu_typo_font_weight_tablet":"","ocean_menu_typo_font_weight_mobile":"","ocean_menu_typo_transform":"","ocean_menu_typo_transform_tablet":"","ocean_menu_typo_transform_mobile":"","ocean_menu_typo_line_height":0,"ocean_menu_typo_line_height_tablet":0,"ocean_menu_typo_line_height_mobile":0,"ocean_menu_typo_line_height_unit":"","ocean_menu_typo_spacing":0,"ocean_menu_typo_spacing_tablet":0,"ocean_menu_typo_spacing_mobile":0,"ocean_menu_typo_spacing_unit":"","ocean_menu_link_color":"","ocean_menu_link_color_hover":"","ocean_menu_link_color_active":"","ocean_menu_link_background":"","ocean_menu_link_hover_background":"","ocean_menu_link_active_background":"","ocean_menu_social_links_bg":"","ocean_menu_social_hover_links_bg":"","ocean_menu_social_links_color":"","ocean_menu_social_hover_links_color":"","ocean_disable_title":"default","ocean_disable_heading":"default","ocean_post_title":"","ocean_post_subheading":"","ocean_post_title_style":"","ocean_post_title_background_color":"","ocean_post_title_background":0,"ocean_post_title_bg_image_position":"","ocean_post_title_bg_image_attachment":"","ocean_post_title_bg_image_repeat":"","ocean_post_title_bg_image_size":"","ocean_post_title_height":0,"ocean_post_title_bg_overlay":0.5,"ocean_post_title_bg_overlay_color":"","ocean_disable_breadcrumbs":"default","ocean_breadcrumbs_color":"","ocean_breadcrumbs_separator_color":"","ocean_breadcrumbs_links_color":"","ocean_breadcrumbs_links_hover_color":"","ocean_display_footer_widgets":"default","ocean_display_footer_bottom":"default","ocean_custom_footer_template":"","footnotes":""},"categories":[16,11],"tags":[],"class_list":["post-3561","page","type-page","status-publish","has-post-thumbnail","hentry","category-alle-projekte","category-food","entry","has-media"],"_links":{"self":[{"href":"https:\/\/gruschwitz.de\/en\/wp-json\/wp\/v2\/pages\/3561","targetHints":{"allow":["GET"]}}],"collection":[{"href":"https:\/\/gruschwitz.de\/en\/wp-json\/wp\/v2\/pages"}],"about":[{"href":"https:\/\/gruschwitz.de\/en\/wp-json\/wp\/v2\/types\/page"}],"author":[{"embeddable":true,"href":"https:\/\/gruschwitz.de\/en\/wp-json\/wp\/v2\/users\/2"}],"replies":[{"embeddable":true,"href":"https:\/\/gruschwitz.de\/en\/wp-json\/wp\/v2\/comments?post=3561"}],"version-history":[{"count":0,"href":"https:\/\/gruschwitz.de\/en\/wp-json\/wp\/v2\/pages\/3561\/revisions"}],"up":[{"embeddable":true,"href":"https:\/\/gruschwitz.de\/en\/wp-json\/wp\/v2\/pages\/84"}],"wp:featuredmedia":[{"embeddable":true,"href":"https:\/\/gruschwitz.de\/en\/wp-json\/wp\/v2\/media\/3569"}],"wp:attachment":[{"href":"https:\/\/gruschwitz.de\/en\/wp-json\/wp\/v2\/media?parent=3561"}],"wp:term":[{"taxonomy":"category","embeddable":true,"href":"https:\/\/gruschwitz.de\/en\/wp-json\/wp\/v2\/categories?post=3561"},{"taxonomy":"post_tag","embeddable":true,"href":"https:\/\/gruschwitz.de\/en\/wp-json\/wp\/v2\/tags?post=3561"}],"curies":[{"name":"wp","href":"https:\/\/api.w.org\/{rel}","templated":true}]}}