{"id":1002,"date":"2021-02-01T16:25:00","date_gmt":"2021-02-01T15:25:00","guid":{"rendered":"https:\/\/gruschwitz.de\/?page_id=1002"},"modified":"2025-11-26T11:31:29","modified_gmt":"2025-11-26T10:31:29","slug":"edeka-2","status":"publish","type":"page","link":"https:\/\/gruschwitz.de\/en\/projekte\/edeka-2\/","title":{"rendered":"EDEKA"},"content":{"rendered":"\t\t<div data-elementor-type=\"wp-page\" data-elementor-id=\"1002\" class=\"elementor elementor-1002\" data-elementor-post-type=\"page\">\n\t\t\t\t<div class=\"elementor-element elementor-element-59dec7dd e-con-full e-flex e-con e-parent\" data-id=\"59dec7dd\" data-element_type=\"container\" data-e-type=\"container\" data-settings=\"{&quot;background_background&quot;:&quot;slideshow&quot;,&quot;background_slideshow_gallery&quot;:[{&quot;id&quot;:1011,&quot;url&quot;:&quot;https:\\\/\\\/gruschwitz.de\\\/wp-content\\\/uploads\\\/2024\\\/08\\\/EDEKA-Full-HD.webp&quot;}],&quot;background_slideshow_loop&quot;:&quot;yes&quot;,&quot;background_slideshow_slide_duration&quot;:5000,&quot;background_slideshow_slide_transition&quot;:&quot;fade&quot;,&quot;background_slideshow_transition_duration&quot;:500}\">\n\t\t\t\t<\/div>\n\t\t<div class=\"elementor-element elementor-element-311e005c e-transform e-flex e-con-boxed e-con e-parent\" data-id=\"311e005c\" data-element_type=\"container\" data-e-type=\"container\" data-settings=\"{&quot;_transform_translateY_effect&quot;:{&quot;unit&quot;:&quot;px&quot;,&quot;size&quot;:-123,&quot;sizes&quot;:[]},&quot;_transform_translateX_effect&quot;:{&quot;unit&quot;:&quot;px&quot;,&quot;size&quot;:&quot;&quot;,&quot;sizes&quot;:[]},&quot;_transform_translateX_effect_tablet&quot;:{&quot;unit&quot;:&quot;px&quot;,&quot;size&quot;:&quot;&quot;,&quot;sizes&quot;:[]},&quot;_transform_translateX_effect_mobile&quot;:{&quot;unit&quot;:&quot;px&quot;,&quot;size&quot;:&quot;&quot;,&quot;sizes&quot;:[]},&quot;_transform_translateY_effect_tablet&quot;:{&quot;unit&quot;:&quot;px&quot;,&quot;size&quot;:&quot;&quot;,&quot;sizes&quot;:[]},&quot;_transform_translateY_effect_mobile&quot;:{&quot;unit&quot;:&quot;px&quot;,&quot;size&quot;:&quot;&quot;,&quot;sizes&quot;:[]}}\">\n\t\t\t\t\t<div class=\"e-con-inner\">\n\t\t<div class=\"elementor-element elementor-element-7a8d25df e-con-full e-flex e-con e-child\" data-id=\"7a8d25df\" data-element_type=\"container\" data-e-type=\"container\" data-settings=\"{&quot;background_background&quot;:&quot;classic&quot;}\">\n\t\t\t\t<div class=\"elementor-element elementor-element-40be1bd elementor-widget elementor-widget-heading\" data-id=\"40be1bd\" data-element_type=\"widget\" data-e-type=\"widget\" data-widget_type=\"heading.default\">\n\t\t\t\t<div class=\"elementor-widget-container\">\n\t\t\t\t\t<h1 class=\"elementor-heading-title elementor-size-default\">EDEKA 24 \/ 7<\/h1>\t\t\t\t<\/div>\n\t\t\t\t<\/div>\n\t\t\t\t<div class=\"elementor-element elementor-element-40d13d3b elementor-widget elementor-widget-text-editor\" data-id=\"40d13d3b\" data-element_type=\"widget\" data-e-type=\"widget\" data-widget_type=\"text-editor.default\">\n\t\t\t\t<div class=\"elementor-widget-container\">\n\t\t\t\t\t\t\t\t\t<p>Der Bahnhof in Renningen geh\u00f6rt zu den 16 sogenannten \u201eZukunftsbahnh\u00f6fen\u201c, die die Deutsche Bahn zum Test innovativer Konzepte nutzt. Mit dem Prototyp Edeka 24\/7, wurde ein Geb\u00e4ude in einer Container Optik installiert.\u00a0<\/p>\t\t\t\t\t\t\t\t<\/div>\n\t\t\t\t<\/div>\n\t\t\t\t<\/div>\n\t\t<div class=\"elementor-element elementor-element-30bd80c e-con-full elementor-hidden-mobile e-flex e-con e-child\" data-id=\"30bd80c\" data-element_type=\"container\" data-e-type=\"container\">\n\t\t\t\t<\/div>\n\t\t\t\t\t<\/div>\n\t\t\t\t<\/div>\n\t\t<div class=\"elementor-element elementor-element-31620681 e-flex e-con-boxed e-con e-parent\" data-id=\"31620681\" data-element_type=\"container\" data-e-type=\"container\">\n\t\t\t\t\t<div class=\"e-con-inner\">\n\t\t<div class=\"elementor-element elementor-element-4e3ef1f e-con-full e-flex e-con e-child\" data-id=\"4e3ef1f\" data-element_type=\"container\" data-e-type=\"container\">\n\t\t<div class=\"elementor-element elementor-element-587d7344 e-con-full e-flex e-con e-child\" data-id=\"587d7344\" data-element_type=\"container\" data-e-type=\"container\">\n\t\t\t\t<div class=\"elementor-element elementor-element-7dd358d9 elementor-widget elementor-widget-text-editor\" data-id=\"7dd358d9\" data-element_type=\"widget\" data-e-type=\"widget\" data-widget_type=\"text-editor.default\">\n\t\t\t\t<div class=\"elementor-widget-container\">\n\t\t\t\t\t\t\t\t\t<p class=\"p1\">EDEKA S\u00fcdwest und die DB m\u00f6chte den Menschen in der Umgebung, sowie den Bahnreisenden und den Pendlern ein digitales und vollautomatisiertes Einkaufserlebnis vorstellen.<br \/><br \/><\/p>\n<p>Das System, welches von der Firma Smark aus Stuttgart installiert wurde, kommt weitgehend ohne Personal aus. Unser B\u00fcro war verantwortlich f\u00fcr die Umsetzung des Prototypen, sowie f\u00fcr das Projektmanagement vor Ort. Es ist uns gelungen, die n\u00fcchterne Roboter Logistik mit den emotionalen Elementen eines Barista-Backshops zu verkn\u00fcpfen.<\/p>\t\t\t\t\t\t\t\t<\/div>\n\t\t\t\t<\/div>\n\t\t\t\t<\/div>\n\t\t<div class=\"elementor-element elementor-element-48d2194 e-con-full e-flex e-con e-child\" data-id=\"48d2194\" data-element_type=\"container\" data-e-type=\"container\">\n\t\t\t\t<div class=\"elementor-element elementor-element-2669bfa0 elementor-widget elementor-widget-image\" data-id=\"2669bfa0\" data-element_type=\"widget\" data-e-type=\"widget\" data-widget_type=\"image.default\">\n\t\t\t\t<div class=\"elementor-widget-container\">\n\t\t\t\t\t\t\t\t\t\t\t\t\t\t\t<img decoding=\"async\" src=\"https:\/\/gruschwitz.de\/wp-content\/uploads\/2024\/08\/EDEKA-800x600px-1.webp\" title=\"EDEKA-800x600px-1\" alt=\"EDEKA-800x600px-1\" loading=\"lazy\" \/>\t\t\t\t\t\t\t\t\t\t\t\t\t\t\t<\/div>\n\t\t\t\t<\/div>\n\t\t\t\t<\/div>\n\t\t\t\t<\/div>\n\t\t<div class=\"elementor-element elementor-element-8f52d5a e-con-full e-flex e-con e-child\" data-id=\"8f52d5a\" data-element_type=\"container\" data-e-type=\"container\">\n\t\t\t\t<div class=\"elementor-element elementor-element-80b8f65 elementor-widget elementor-widget-spacer\" data-id=\"80b8f65\" data-element_type=\"widget\" data-e-type=\"widget\" data-widget_type=\"spacer.default\">\n\t\t\t\t<div class=\"elementor-widget-container\">\n\t\t\t\t\t\t\t<div class=\"elementor-spacer\">\n\t\t\t<div class=\"elementor-spacer-inner\"><\/div>\n\t\t<\/div>\n\t\t\t\t\t\t<\/div>\n\t\t\t\t<\/div>\n\t\t\t\t<\/div>\n\t\t<div class=\"elementor-element elementor-element-9951353 e-con-full e-flex e-con e-child\" data-id=\"9951353\" data-element_type=\"container\" data-e-type=\"container\">\n\t\t<div class=\"elementor-element elementor-element-48bbf78 e-con-full e-flex e-con e-child\" data-id=\"48bbf78\" data-element_type=\"container\" data-e-type=\"container\">\n\t\t\t\t<div class=\"elementor-element elementor-element-4ff33453 elementor-widget elementor-widget-image\" data-id=\"4ff33453\" data-element_type=\"widget\" data-e-type=\"widget\" data-widget_type=\"image.default\">\n\t\t\t\t<div class=\"elementor-widget-container\">\n\t\t\t\t\t\t\t\t\t\t\t\t\t\t\t<img decoding=\"async\" src=\"https:\/\/gruschwitz.de\/wp-content\/uploads\/2024\/08\/EDEKA-800x600px-5.webp\" title=\"EDEKA-800x600px-5\" alt=\"EDEKA-800x600px-5\" loading=\"lazy\" \/>\t\t\t\t\t\t\t\t\t\t\t\t\t\t\t<\/div>\n\t\t\t\t<\/div>\n\t\t\t\t<\/div>\n\t\t<div class=\"elementor-element elementor-element-c40a651 e-con-full e-flex e-con e-child\" data-id=\"c40a651\" data-element_type=\"container\" data-e-type=\"container\">\n\t\t\t\t<div class=\"elementor-element elementor-element-d0eb899 elementor-widget elementor-widget-text-editor\" data-id=\"d0eb899\" data-element_type=\"widget\" data-e-type=\"widget\" data-widget_type=\"text-editor.default\">\n\t\t\t\t<div class=\"elementor-widget-container\">\n\t\t\t\t\t\t\t\t\t<p>Der Backshop ist nicht nur das emotionale Gesicht des Containers, sondern auch f\u00fcr die Nachf\u00fcllung, sowie f\u00fcr die Sauberkeit und Sicherheit des Geb\u00e4udes zust\u00e4ndig. Die Reduzierung von Personal steht nicht im Vordergrund, vielmehr ist geschultes IT-Personal und auch ein qualifiziertes Backshop-Verkaufspersonal gefordert.<\/p>\t\t\t\t\t\t\t\t<\/div>\n\t\t\t\t<\/div>\n\t\t\t\t<\/div>\n\t\t\t\t<\/div>\n\t\t<div class=\"elementor-element elementor-element-2e5e7e4 e-con-full e-flex e-con e-child\" data-id=\"2e5e7e4\" data-element_type=\"container\" data-e-type=\"container\">\n\t\t\t\t<div class=\"elementor-element elementor-element-d96674a elementor-widget elementor-widget-spacer\" data-id=\"d96674a\" data-element_type=\"widget\" data-e-type=\"widget\" data-widget_type=\"spacer.default\">\n\t\t\t\t<div class=\"elementor-widget-container\">\n\t\t\t\t\t\t\t<div class=\"elementor-spacer\">\n\t\t\t<div class=\"elementor-spacer-inner\"><\/div>\n\t\t<\/div>\n\t\t\t\t\t\t<\/div>\n\t\t\t\t<\/div>\n\t\t\t\t<\/div>\n\t\t<div class=\"elementor-element elementor-element-0f4d553 e-con-full e-flex e-con e-child\" data-id=\"0f4d553\" data-element_type=\"container\" data-e-type=\"container\">\n\t\t<div class=\"elementor-element elementor-element-21a9fab e-con-full e-flex e-con e-child\" data-id=\"21a9fab\" data-element_type=\"container\" data-e-type=\"container\">\n\t\t\t\t<div class=\"elementor-element elementor-element-641bbc4 elementor-widget elementor-widget-text-editor\" data-id=\"641bbc4\" data-element_type=\"widget\" data-e-type=\"widget\" data-widget_type=\"text-editor.default\">\n\t\t\t\t<div class=\"elementor-widget-container\">\n\t\t\t\t\t\t\t\t\t<p>Der Backshop ist f\u00fcr die Kunden von 6.00 Uhr bis 18.00 Uhr ge\u00f6ffnet und danach werden die Backwaren f\u00fcr den Verkauf mit Bezahlung auf Vertrauensbasis bereitgestellt.<\/p>\t\t\t\t\t\t\t\t<\/div>\n\t\t\t\t<\/div>\n\t\t\t\t<div class=\"elementor-element elementor-element-bfe2b62 elementor-widget elementor-widget-text-editor\" data-id=\"bfe2b62\" data-element_type=\"widget\" data-e-type=\"widget\" data-widget_type=\"text-editor.default\">\n\t\t\t\t<div class=\"elementor-widget-container\">\n\t\t\t\t\t\t\t\t\t<p>Der quergestellte obere Container ist f\u00fcr Vereine, Versammlungen oder evtl. sp\u00e4ter auch f\u00fcr eine Caf\u00e9\u2013Bar geeignet. Hier kann man auf der Ost- und West-Terrasse, je nach Tageszeit und Wetter, au\u00dfen chillen.<\/p>\t\t\t\t\t\t\t\t<\/div>\n\t\t\t\t<\/div>\n\t\t\t\t<\/div>\n\t\t<div class=\"elementor-element elementor-element-1e0b5ce e-con-full e-flex e-con e-child\" data-id=\"1e0b5ce\" data-element_type=\"container\" data-e-type=\"container\">\n\t\t\t\t<div class=\"elementor-element elementor-element-fddc815 elementor-widget elementor-widget-image\" data-id=\"fddc815\" data-element_type=\"widget\" data-e-type=\"widget\" data-widget_type=\"image.default\">\n\t\t\t\t<div class=\"elementor-widget-container\">\n\t\t\t\t\t\t\t\t\t\t\t\t\t\t\t<img decoding=\"async\" src=\"https:\/\/gruschwitz.de\/wp-content\/uploads\/2024\/08\/EDEKA-800x600px-4.webp\" title=\"EDEKA-800x600px-4\" alt=\"EDEKA-800x600px-4\" loading=\"lazy\" \/>\t\t\t\t\t\t\t\t\t\t\t\t\t\t\t<\/div>\n\t\t\t\t<\/div>\n\t\t\t\t<\/div>\n\t\t\t\t<\/div>\n\t\t<div class=\"elementor-element elementor-element-f68defe e-con-full e-flex e-con e-child\" data-id=\"f68defe\" data-element_type=\"container\" data-e-type=\"container\">\n\t\t\t\t<div class=\"elementor-element elementor-element-67eb165 elementor-widget elementor-widget-spacer\" data-id=\"67eb165\" data-element_type=\"widget\" data-e-type=\"widget\" data-widget_type=\"spacer.default\">\n\t\t\t\t<div class=\"elementor-widget-container\">\n\t\t\t\t\t\t\t<div class=\"elementor-spacer\">\n\t\t\t<div class=\"elementor-spacer-inner\"><\/div>\n\t\t<\/div>\n\t\t\t\t\t\t<\/div>\n\t\t\t\t<\/div>\n\t\t\t\t<\/div>\n\t\t<div class=\"elementor-element elementor-element-01a1b62 e-con-full e-flex e-con e-child\" data-id=\"01a1b62\" data-element_type=\"container\" data-e-type=\"container\">\n\t\t<div class=\"elementor-element elementor-element-fd84cbc e-con-full e-flex e-con e-child\" data-id=\"fd84cbc\" data-element_type=\"container\" data-e-type=\"container\">\n\t\t\t\t<div class=\"elementor-element elementor-element-dcc8004 elementor-widget elementor-widget-image\" data-id=\"dcc8004\" data-element_type=\"widget\" data-e-type=\"widget\" data-widget_type=\"image.default\">\n\t\t\t\t<div class=\"elementor-widget-container\">\n\t\t\t\t\t\t\t\t\t\t\t\t\t\t\t<img decoding=\"async\" src=\"https:\/\/gruschwitz.de\/wp-content\/uploads\/2024\/08\/EDEKA-800x600px-2.webp\" title=\"EDEKA-800x600px-2\" alt=\"EDEKA-800x600px-2\" loading=\"lazy\" \/>\t\t\t\t\t\t\t\t\t\t\t\t\t\t\t<\/div>\n\t\t\t\t<\/div>\n\t\t\t\t<\/div>\n\t\t<div class=\"elementor-element elementor-element-9d25f37 e-con-full e-flex e-con e-child\" data-id=\"9d25f37\" data-element_type=\"container\" data-e-type=\"container\">\n\t\t\t\t<div class=\"elementor-element elementor-element-a1ac18e elementor-widget elementor-widget-text-editor\" data-id=\"a1ac18e\" data-element_type=\"widget\" data-e-type=\"widget\" data-widget_type=\"text-editor.default\">\n\t\t\t\t<div class=\"elementor-widget-container\">\n\t\t\t\t\t\t\t\t\t<p class=\"p1\">Der Prototyp entspricht allen Normen und energierelevanten Anspr\u00fcchen eines nachhaltigen Geb\u00e4udes und setzt mit seiner \u00dcbersee-Containeroptik jetzt schon ein Landmark in Renningen.<\/p>\t\t\t\t\t\t\t\t<\/div>\n\t\t\t\t<\/div>\n\t\t\t\t<\/div>\n\t\t\t\t<\/div>\n\t\t<div class=\"elementor-element elementor-element-384b568 e-con-full e-flex e-con e-child\" data-id=\"384b568\" data-element_type=\"container\" data-e-type=\"container\">\n\t\t\t\t<div class=\"elementor-element elementor-element-76177b4 elementor-widget elementor-widget-spacer\" data-id=\"76177b4\" data-element_type=\"widget\" data-e-type=\"widget\" data-widget_type=\"spacer.default\">\n\t\t\t\t<div class=\"elementor-widget-container\">\n\t\t\t\t\t\t\t<div class=\"elementor-spacer\">\n\t\t\t<div class=\"elementor-spacer-inner\"><\/div>\n\t\t<\/div>\n\t\t\t\t\t\t<\/div>\n\t\t\t\t<\/div>\n\t\t\t\t<\/div>\n\t\t<div class=\"elementor-element elementor-element-154168e e-con-full e-flex e-con e-child\" data-id=\"154168e\" data-element_type=\"container\" data-e-type=\"container\">\n\t\t\t\t<div class=\"elementor-element elementor-element-e264eb7 elementor-widget elementor-widget-spacer\" data-id=\"e264eb7\" data-element_type=\"widget\" data-e-type=\"widget\" data-widget_type=\"spacer.default\">\n\t\t\t\t<div class=\"elementor-widget-container\">\n\t\t\t\t\t\t\t<div class=\"elementor-spacer\">\n\t\t\t<div class=\"elementor-spacer-inner\"><\/div>\n\t\t<\/div>\n\t\t\t\t\t\t<\/div>\n\t\t\t\t<\/div>\n\t\t\t\t<\/div>\n\t\t\t\t\t<\/div>\n\t\t\t\t<\/div>\n\t\t<div class=\"elementor-element elementor-element-70f9df8b e-flex e-con-boxed e-con e-parent\" data-id=\"70f9df8b\" data-element_type=\"container\" data-e-type=\"container\">\n\t\t\t\t\t<div class=\"e-con-inner\">\n\t\t<div class=\"elementor-element elementor-element-de801c7 e-con-full e-flex e-con e-child\" data-id=\"de801c7\" data-element_type=\"container\" data-e-type=\"container\">\n\t\t<div class=\"elementor-element elementor-element-6152c179 e-con-full e-flex e-con e-child\" data-id=\"6152c179\" data-element_type=\"container\" data-e-type=\"container\">\n\t\t\t\t<div class=\"elementor-element elementor-element-59a899cc elementor-widget elementor-widget-image\" data-id=\"59a899cc\" data-element_type=\"widget\" data-e-type=\"widget\" data-widget_type=\"image.default\">\n\t\t\t\t<div class=\"elementor-widget-container\">\n\t\t\t\t\t\t\t\t\t\t\t\t\t\t\t<img decoding=\"async\" src=\"https:\/\/gruschwitz.de\/wp-content\/uploads\/2024\/08\/EDEKA-800x600px-6.webp\" title=\"EDEKA-800x600px-6\" alt=\"EDEKA-800x600px-6\" loading=\"lazy\" \/>\t\t\t\t\t\t\t\t\t\t\t\t\t\t\t<\/div>\n\t\t\t\t<\/div>\n\t\t\t\t<\/div>\n\t\t<div class=\"elementor-element elementor-element-724559c9 e-con-full e-flex e-con e-child\" data-id=\"724559c9\" data-element_type=\"container\" data-e-type=\"container\">\n\t\t\t\t<div class=\"elementor-element elementor-element-b2e7fa9 elementor-widget elementor-widget-image\" data-id=\"b2e7fa9\" data-element_type=\"widget\" data-e-type=\"widget\" data-widget_type=\"image.default\">\n\t\t\t\t<div class=\"elementor-widget-container\">\n\t\t\t\t\t\t\t\t\t\t\t\t\t\t\t<img decoding=\"async\" src=\"https:\/\/gruschwitz.de\/wp-content\/uploads\/2024\/08\/EDEKA-800x600px-1.webp\" title=\"EDEKA-800x600px-1\" alt=\"EDEKA-800x600px-1\" loading=\"lazy\" \/>\t\t\t\t\t\t\t\t\t\t\t\t\t\t\t<\/div>\n\t\t\t\t<\/div>\n\t\t\t\t<\/div>\n\t\t\t\t<\/div>\n\t\t\t\t\t<\/div>\n\t\t\t\t<\/div>\n\t\t<div class=\"elementor-element elementor-element-1bf1b7c8 e-flex e-con-boxed e-con e-parent\" data-id=\"1bf1b7c8\" data-element_type=\"container\" data-e-type=\"container\">\n\t\t\t\t\t<div class=\"e-con-inner\">\n\t\t<div class=\"elementor-element elementor-element-a92dc71 e-con-full e-flex e-con e-child\" data-id=\"a92dc71\" data-element_type=\"container\" data-e-type=\"container\">\n\t\t\t\t<div class=\"elementor-element elementor-element-a4123fb elementor-widget elementor-widget-spacer\" data-id=\"a4123fb\" data-element_type=\"widget\" data-e-type=\"widget\" data-widget_type=\"spacer.default\">\n\t\t\t\t<div class=\"elementor-widget-container\">\n\t\t\t\t\t\t\t<div class=\"elementor-spacer\">\n\t\t\t<div class=\"elementor-spacer-inner\"><\/div>\n\t\t<\/div>\n\t\t\t\t\t\t<\/div>\n\t\t\t\t<\/div>\n\t\t\t\t<\/div>\n\t\t<div class=\"elementor-element elementor-element-6af44f5a e-con-full e-flex e-con e-child\" data-id=\"6af44f5a\" data-element_type=\"container\" data-e-type=\"container\">\n\t\t\t\t<div class=\"elementor-element elementor-element-68871244 elementor-widget elementor-widget-heading\" data-id=\"68871244\" data-element_type=\"widget\" data-e-type=\"widget\" data-widget_type=\"heading.default\">\n\t\t\t\t<div class=\"elementor-widget-container\">\n\t\t\t\t\t<h1 class=\"elementor-heading-title elementor-size-default\">Mehr zu diesem Projekt<\/h1>\t\t\t\t<\/div>\n\t\t\t\t<\/div>\n\t\t\t\t<\/div>\n\t\t<div class=\"elementor-element elementor-element-29817daa e-con-full elementor-hidden-mobile e-flex e-con e-child\" data-id=\"29817daa\" data-element_type=\"container\" data-e-type=\"container\">\n\t\t\t\t<\/div>\n\t\t<div class=\"elementor-element elementor-element-67a29966 e-con-full e-flex e-con e-child\" data-id=\"67a29966\" data-element_type=\"container\" data-e-type=\"container\">\n\t\t\t\t<div class=\"elementor-element elementor-element-20dddf26 elementor-widget elementor-widget-text-editor\" data-id=\"20dddf26\" data-element_type=\"widget\" data-e-type=\"widget\" data-widget_type=\"text-editor.default\">\n\t\t\t\t<div class=\"elementor-widget-container\">\n\t\t\t\t\t\t\t\t\t<p><strong>Kunde<\/strong><br \/>EDEKA Handelsgesellschaft S\u00fcdwest mbH, Offenburg <br \/><a href=\"https:\/\/verbund.edeka\/s%C3%BCdwest\/\" target=\"_blank\" rel=\"noopener\">www.verbund.edeka<\/a><\/p>\n<p><strong>Standort<\/strong> <br \/>Alte Bahnhofstr. 1, 71272 Renningen<\/p>\n<p><strong>Fl\u00e4che<\/strong><br \/>280 m\u00b2<\/p>\n<p><strong>Fertigstellung<br \/><\/strong>Februar 2021<\/p>\t\t\t\t\t\t\t\t<\/div>\n\t\t\t\t<\/div>\n\t\t\t\t<\/div>\n\t\t<div class=\"elementor-element elementor-element-356af15 e-con-full e-flex e-con e-child\" data-id=\"356af15\" data-element_type=\"container\" data-e-type=\"container\">\n\t\t\t\t<div class=\"elementor-element elementor-element-3d09ceb2 elementor-widget elementor-widget-text-editor\" data-id=\"3d09ceb2\" data-element_type=\"widget\" data-e-type=\"widget\" data-widget_type=\"text-editor.default\">\n\t\t\t\t<div class=\"elementor-widget-container\">\n\t\t\t\t\t\t\t\t\t<p><strong>Auftrag, Realisierung, Projektmanagement<\/strong><br \/><b><\/b>Gruschwitz GmbH; Tizianstr. 53, 80638 M\u00fcnchen<br \/><a href=\"http:\/\/www.gruschwitz.de\" target=\"_blank\" rel=\"noopener\">www.gruschwitz.de<\/a><\/p>\n<p><strong>Fotos<\/strong><br \/>Henry Becker f\u00fcr Gruschwitz GmbH, M\u00fcnchen<\/p>\t\t\t\t\t\t\t\t<\/div>\n\t\t\t\t<\/div>\n\t\t\t\t<\/div>\n\t\t<div class=\"elementor-element elementor-element-484fa59 e-con-full e-flex e-con e-child\" data-id=\"484fa59\" data-element_type=\"container\" data-e-type=\"container\">\n\t\t\t\t<div class=\"elementor-element elementor-element-b6e414a elementor-widget elementor-widget-spacer\" data-id=\"b6e414a\" data-element_type=\"widget\" data-e-type=\"widget\" data-widget_type=\"spacer.default\">\n\t\t\t\t<div class=\"elementor-widget-container\">\n\t\t\t\t\t\t\t<div class=\"elementor-spacer\">\n\t\t\t<div class=\"elementor-spacer-inner\"><\/div>\n\t\t<\/div>\n\t\t\t\t\t\t<\/div>\n\t\t\t\t<\/div>\n\t\t\t\t<\/div>\n\t\t\t\t\t<\/div>\n\t\t\t\t<\/div>\n\t\t\t\t<\/div>\n\t\t","protected":false},"excerpt":{"rendered":"<p>EDEKA 24 \/ 7 Der Bahnhof in Renningen geh\u00f6rt zu den 16 sogenannten \u201eZukunftsbahnh\u00f6fen\u201c, die die Deutsche Bahn zum Test innovativer Konzepte nutzt. Mit dem Prototyp Edeka 24\/7, wurde ein Geb\u00e4ude in einer Container Optik installiert.\u00a0 EDEKA S\u00fcdwest und die DB m\u00f6chte den Menschen in der Umgebung, sowie den Bahnreisenden und den Pendlern ein digitales [&hellip;]<\/p>\n","protected":false},"author":2,"featured_media":1007,"parent":84,"menu_order":0,"comment_status":"closed","ping_status":"closed","template":"elementor_header_footer","meta":{"ocean_post_layout":"","ocean_both_sidebars_style":"","ocean_both_sidebars_content_width":0,"ocean_both_sidebars_sidebars_width":0,"ocean_sidebar":"","ocean_second_sidebar":"","ocean_disable_margins":"enable","ocean_add_body_class":"","ocean_shortcode_before_top_bar":"","ocean_shortcode_after_top_bar":"","ocean_shortcode_before_header":"","ocean_shortcode_after_header":"","ocean_has_shortcode":"","ocean_shortcode_after_title":"","ocean_shortcode_before_footer_widgets":"","ocean_shortcode_after_footer_widgets":"","ocean_shortcode_before_footer_bottom":"","ocean_shortcode_after_footer_bottom":"","ocean_display_top_bar":"default","ocean_display_header":"default","ocean_header_style":"","ocean_center_header_left_menu":"","ocean_custom_header_template":"","ocean_custom_logo":0,"ocean_custom_retina_logo":0,"ocean_custom_logo_max_width":0,"ocean_custom_logo_tablet_max_width":0,"ocean_custom_logo_mobile_max_width":0,"ocean_custom_logo_max_height":0,"ocean_custom_logo_tablet_max_height":0,"ocean_custom_logo_mobile_max_height":0,"ocean_header_custom_menu":"","ocean_menu_typo_font_family":"","ocean_menu_typo_font_subset":"","ocean_menu_typo_font_size":0,"ocean_menu_typo_font_size_tablet":0,"ocean_menu_typo_font_size_mobile":0,"ocean_menu_typo_font_size_unit":"px","ocean_menu_typo_font_weight":"","ocean_menu_typo_font_weight_tablet":"","ocean_menu_typo_font_weight_mobile":"","ocean_menu_typo_transform":"","ocean_menu_typo_transform_tablet":"","ocean_menu_typo_transform_mobile":"","ocean_menu_typo_line_height":0,"ocean_menu_typo_line_height_tablet":0,"ocean_menu_typo_line_height_mobile":0,"ocean_menu_typo_line_height_unit":"","ocean_menu_typo_spacing":0,"ocean_menu_typo_spacing_tablet":0,"ocean_menu_typo_spacing_mobile":0,"ocean_menu_typo_spacing_unit":"","ocean_menu_link_color":"","ocean_menu_link_color_hover":"","ocean_menu_link_color_active":"","ocean_menu_link_background":"","ocean_menu_link_hover_background":"","ocean_menu_link_active_background":"","ocean_menu_social_links_bg":"","ocean_menu_social_hover_links_bg":"","ocean_menu_social_links_color":"","ocean_menu_social_hover_links_color":"","ocean_disable_title":"default","ocean_disable_heading":"default","ocean_post_title":"","ocean_post_subheading":"","ocean_post_title_style":"","ocean_post_title_background_color":"","ocean_post_title_background":0,"ocean_post_title_bg_image_position":"","ocean_post_title_bg_image_attachment":"","ocean_post_title_bg_image_repeat":"","ocean_post_title_bg_image_size":"","ocean_post_title_height":0,"ocean_post_title_bg_overlay":0.5,"ocean_post_title_bg_overlay_color":"","ocean_disable_breadcrumbs":"default","ocean_breadcrumbs_color":"","ocean_breadcrumbs_separator_color":"","ocean_breadcrumbs_links_color":"","ocean_breadcrumbs_links_hover_color":"","ocean_display_footer_widgets":"default","ocean_display_footer_bottom":"default","ocean_custom_footer_template":"","footnotes":""},"categories":[11,16],"tags":[],"class_list":["post-1002","page","type-page","status-publish","has-post-thumbnail","hentry","category-food","category-alle-projekte","entry","has-media"],"_links":{"self":[{"href":"https:\/\/gruschwitz.de\/en\/wp-json\/wp\/v2\/pages\/1002","targetHints":{"allow":["GET"]}}],"collection":[{"href":"https:\/\/gruschwitz.de\/en\/wp-json\/wp\/v2\/pages"}],"about":[{"href":"https:\/\/gruschwitz.de\/en\/wp-json\/wp\/v2\/types\/page"}],"author":[{"embeddable":true,"href":"https:\/\/gruschwitz.de\/en\/wp-json\/wp\/v2\/users\/2"}],"replies":[{"embeddable":true,"href":"https:\/\/gruschwitz.de\/en\/wp-json\/wp\/v2\/comments?post=1002"}],"version-history":[{"count":0,"href":"https:\/\/gruschwitz.de\/en\/wp-json\/wp\/v2\/pages\/1002\/revisions"}],"up":[{"embeddable":true,"href":"https:\/\/gruschwitz.de\/en\/wp-json\/wp\/v2\/pages\/84"}],"wp:featuredmedia":[{"embeddable":true,"href":"https:\/\/gruschwitz.de\/en\/wp-json\/wp\/v2\/media\/1007"}],"wp:attachment":[{"href":"https:\/\/gruschwitz.de\/en\/wp-json\/wp\/v2\/media?parent=1002"}],"wp:term":[{"taxonomy":"category","embeddable":true,"href":"https:\/\/gruschwitz.de\/en\/wp-json\/wp\/v2\/categories?post=1002"},{"taxonomy":"post_tag","embeddable":true,"href":"https:\/\/gruschwitz.de\/en\/wp-json\/wp\/v2\/tags?post=1002"}],"curies":[{"name":"wp","href":"https:\/\/api.w.org\/{rel}","templated":true}]}}